{"id":7015,"date":"2021-11-25T22:05:00","date_gmt":"2021-11-25T22:05:00","guid":{"rendered":"https:\/\/garnetlojistik.com\/garnet\/?page_id=7015"},"modified":"2023-01-24T12:08:34","modified_gmt":"2023-01-24T12:08:34","slug":"contact-info","status":"publish","type":"page","link":"https:\/\/trendlog.com.tr\/en\/contact-info\/","title":{"rendered":"Contact Info"},"content":{"rendered":"[vc_row type=&#8221;full_width_background&#8221; full_screen_row_position=&#8221;middle&#8221; bg_color=&#8221;#121212&#8243; scene_position=&#8221;center&#8221; text_color=&#8221;dark&#8221; text_align=&#8221;left&#8221; top_padding=&#8221;3%&#8221; bottom_padding=&#8221;50&#8243; overlay_strength=&#8221;0.3&#8243; shape_divider_position=&#8221;bottom&#8221; bg_image_animation=&#8221;none&#8221; shape_type=&#8221;&#8221;][vc_column column_padding=&#8221;no-extra-padding&#8221; column_padding_position=&#8221;all&#8221; background_color_opacity=&#8221;1&#8243; background_hover_color_opacity=&#8221;1&#8243; font_color=&#8221;#ffffff&#8221; column_link_target=&#8221;_self&#8221; column_shadow=&#8221;none&#8221; column_border_radius=&#8221;none&#8221; width=&#8221;1\/2&#8243; tablet_width_inherit=&#8221;default&#8221; tablet_text_alignment=&#8221;default&#8221; phone_text_alignment=&#8221;default&#8221; column_border_width=&#8221;none&#8221; column_border_style=&#8221;solid&#8221; bg_image_animation=&#8221;none&#8221;][vc_column_text]<div class=\"forminator-ui forminator-custom-form forminator-custom-form-6714 forminator-design--material forminator_ajax\" data-forminator-render=\"0\" data-form=\"forminator-module-6714\"><br\/><\/div><form\n\t\t\t\tid=\"forminator-module-6714\"\n\t\t\t\tclass=\"forminator-ui forminator-custom-form forminator-custom-form-6714 forminator-design--material forminator_ajax\"\n\t\t\t\tmethod=\"post\"\n\t\t\t\tdata-forminator-render=\"0\"\n\t\t\t\tdata-form-id=\"6714\"\n\t\t\t\t\n\t\t\t\tdata-design=\"material\"\n\t\t\t\t\n\t\t\t\t\n\t\t\t\t\n\t\t\t\tdata-grid=\"open\"\n\t\t\t\t\n\t\t\t\t\n\t\t\t\tstyle=\"display: none;\"\n\t\t\t><div class=\"forminator-response-message forminator-error\" aria-hidden=\"true\"><\/div><div class=\"forminator-row\"><div id=\"name-1\" class=\"forminator-col forminator-col-6 \"><div class=\"forminator-field\"><label for=\"forminator-field-name-1\" class=\"forminator-label\">Name Surname <span class=\"forminator-required\">*<\/span><\/label><input type=\"text\" name=\"name-1\" value=\"\" placeholder=\"\" id=\"forminator-field-name-1\" class=\"forminator-input forminator-name--field\" aria-required=\"true\" \/><\/div><\/div><div id=\"text-1\" class=\"forminator-col forminator-col-6 \"><div class=\"forminator-field\"><label for=\"forminator-field-text-1\" class=\"forminator-label\">Company name <span class=\"forminator-required\">*<\/span><\/label><input type=\"text\" name=\"text-1\" value=\"\" placeholder=\"\" id=\"forminator-field-text-1\" class=\"forminator-input forminator-name--field\" data-required=\"1\" \/><\/div><\/div><\/div><div class=\"forminator-row\"><div id=\"email-1\" class=\"forminator-col forminator-col-6 \"><div class=\"forminator-field\"><label for=\"forminator-field-email-1\" class=\"forminator-label\">E-mail <span class=\"forminator-required\">*<\/span><\/label><input type=\"email\" name=\"email-1\" value=\"\" placeholder=\"\" id=\"forminator-field-email-1\" class=\"forminator-input forminator-email--field\" data-required=\"true\" aria-required=\"true\" \/><\/div><\/div><div id=\"phone-1\" class=\"forminator-col forminator-col-6 \"><div class=\"forminator-field\"><label for=\"forminator-field-phone-1\" class=\"forminator-label\">Phone number <span class=\"forminator-required\">*<\/span><\/label><input type=\"text\" name=\"phone-1\" value=\"\" placeholder=\"\" id=\"forminator-field-phone-1\" class=\"forminator-input forminator-field--phone\" data-required=\"1\" aria-required=\"true\" autocomplete=\"off\" data-validation=\"1\" \/><\/div><\/div><\/div><div class=\"forminator-row\"><div id=\"captcha-1\" class=\"forminator-col forminator-col-12 \"><div class=\"forminator-hcaptcha\" data-theme=\"light\" data-sitekey=\"3d0b2126-2809-4e33-91cb-e99707ebddc4\" data-size=\"invisible\"><\/div> <div class=\"forminator-checkbox__label\">This site is protected by hCaptcha and its <a href=\"https:\/\/hcaptcha.com\/privacy\">Privacy Policy<\/a> and <a href=\"https:\/\/hcaptcha.com\/terms\">Terms of Service<\/a> apply.<\/div><\/div><\/div><input type=\"hidden\" name=\"referer_url\" value=\"\" \/><div class=\"forminator-row forminator-row-last\"><div class=\"forminator-col\"><div class=\"forminator-field\"><button class=\"forminator-button forminator-button-submit nectar-button jumbo regular m-extra-color-gradient-2\"><span>We will call you<\/span><span aria-hidden=\"true\"><\/span><\/button><\/div><\/div><\/div><input type=\"hidden\" id=\"forminator_nonce\" name=\"forminator_nonce\" value=\"8c7a99905e\" \/><input type=\"hidden\" name=\"_wp_http_referer\" value=\"\/en\/wp-json\/wp\/v2\/pages\/7015\" \/><input type=\"hidden\" name=\"form_id\" value=\"6714\"><input type=\"hidden\" name=\"page_id\" value=\"7015\"><input type=\"hidden\" name=\"form_type\" value=\"default\"><input type=\"hidden\" name=\"current_url\" value=\"https:\/\/trendlog.com.tr\/en\/wp-json\/wp\/v2\/pages\/7015\/\"><input type=\"hidden\" name=\"render_id\" value=\"0\"><input type=\"hidden\" name=\"action\" value=\"forminator_submit_form_custom-forms\"><\/form>[\/vc_column_text][\/vc_column][vc_column column_padding=&#8221;padding-3-percent&#8221; column_padding_position=&#8221;all&#8221; background_color=&#8221;#f0f0f0&#8243; background_color_opacity=&#8221;1&#8243; background_color_hover=&#8221;#ffffff&#8221; background_hover_color_opacity=&#8221;1&#8243; font_color=&#8221;#414142&#8243; column_link_target=&#8221;_self&#8221; column_shadow=&#8221;none&#8221; column_border_radius=&#8221;10px&#8221; width=&#8221;1\/2&#8243; tablet_width_inherit=&#8221;default&#8221; tablet_text_alignment=&#8221;default&#8221; phone_text_alignment=&#8221;default&#8221; column_border_width=&#8221;none&#8221; bg_image_animation=&#8221;none&#8221;][vc_column_text]\n<h3>ISTANBUL OFFICE<\/h3>\n<p><strong>TRENDLOG LOGISTIC<\/strong><\/p>\n<p><strong>Address:<\/strong> Turkey, Istanbul, Ata\u015fehir district, Inonu neighbourhood. 19 May str. 106\/4<br \/>\n<strong>Phone:<\/strong> +90 216 311 20 19<br \/>\n<strong>Whatsapp:<\/strong> +90 532 308 20 68<br \/>\n<strong>E-mail:<\/strong> info@trendlog.com.tr<\/p>\n<h3>ALMATA OFFICE<\/h3>\n<p><strong>TRENDLOG LOGISTIC<\/strong><\/p>\n<p><strong>Address:<\/strong> Kazakhstan, Almata city, \u041cicrodistrict Mamyr, 4 flat 100\/5 ,3 floor, cabinet 307.<br \/>\n<strong>E-mail:<\/strong> info@trendlog.com.tr<br \/>\n<strong>Telephone:<\/strong> +77272260110[\/vc_column_text][\/vc_column][\/vc_row][vc_row type=&#8221;full_width_content&#8221; full_screen_row_position=&#8221;middle&#8221; scene_position=&#8221;center&#8221; text_color=&#8221;dark&#8221; text_align=&#8221;left&#8221; overlay_strength=&#8221;0.3&#8243; shape_divider_position=&#8221;bottom&#8221; bg_image_animation=&#8221;none&#8221; shape_type=&#8221;&#8221;][vc_column column_padding=&#8221;no-extra-padding&#8221; column_padding_position=&#8221;all&#8221; background_color_opacity=&#8221;1&#8243; background_hover_color_opacity=&#8221;1&#8243; column_link_target=&#8221;_self&#8221; column_shadow=&#8221;none&#8221; column_border_radius=&#8221;none&#8221; width=&#8221;1\/1&#8243; tablet_width_inherit=&#8221;default&#8221; tablet_text_alignment=&#8221;default&#8221; phone_text_alignment=&#8221;default&#8221; column_border_width=&#8221;none&#8221; column_border_style=&#8221;solid&#8221; bg_image_animation=&#8221;none&#8221;][vc_column_text]<iframe loading=\"lazy\" style=\"border: 0;\" src=\"https:\/\/www.google.com\/maps\/embed?pb=!1m14!1m8!1m3!1d6024.516186593126!2d29.141037000000004!3d40.975829!3m2!1i1024!2i768!4f13.1!3m3!1m2!1s0x0%3A0xa2ac8a4ff854af73!2zVHJlbmRsb2cgVWx1c2xhcmFyYXPEsSBUYcWfxLFtYWPEsWzEsWs!5e0!3m2!1str!2str!4v1655646967989!5m2!1str!2str\" width=\"100%\" height=\"450\" allowfullscreen=\"allowfullscreen\"><\/iframe>[\/vc_column_text][\/vc_column][\/vc_row][vc_row type=&#8221;full_width_background&#8221; full_screen_row_position=&#8221;middle&#8221; bg_image=&#8221;7439&#8243; bg_position=&#8221;right bottom&#8221; bg_repeat=&#8221;no-repeat&#8221; scene_position=&#8221;center&#8221; text_color=&#8221;dark&#8221; text_align=&#8221;left&#8221; top_padding=&#8221;13%&#8221; bottom_padding=&#8221;9%&#8221; overlay_strength=&#8221;1&#8243; shape_divider_position=&#8221;top&#8221; shape_divider_height=&#8221;250&#8243; bg_image_animation=&#8221;fade-in&#8221; shape_type=&#8221;fan&#8221;][vc_column centered_text=&#8221;true&#8221; column_padding=&#8221;no-extra-padding&#8221; column_padding_position=&#8221;all&#8221; background_color_opacity=&#8221;1&#8243; background_hover_color_opacity=&#8221;1&#8243; column_link_target=&#8221;_self&#8221; column_shadow=&#8221;none&#8221; column_border_radius=&#8221;none&#8221; width=&#8221;1\/6&#8243; tablet_width_inherit=&#8221;default&#8221; tablet_text_alignment=&#8221;default&#8221; phone_text_alignment=&#8221;default&#8221; column_border_width=&#8221;none&#8221; column_border_style=&#8221;solid&#8221; bg_image_animation=&#8221;none&#8221;][\/vc_column][vc_column centered_text=&#8221;true&#8221; column_padding=&#8221;no-extra-padding&#8221; column_padding_position=&#8221;all&#8221; background_color_opacity=&#8221;1&#8243; background_hover_color_opacity=&#8221;1&#8243; column_link_target=&#8221;_self&#8221; column_shadow=&#8221;none&#8221; column_border_radius=&#8221;none&#8221; width=&#8221;2\/3&#8243; tablet_width_inherit=&#8221;default&#8221; tablet_text_alignment=&#8221;default&#8221; phone_text_alignment=&#8221;default&#8221; column_border_width=&#8221;none&#8221; column_border_style=&#8221;solid&#8221; bg_image_animation=&#8221;none&#8221;][vc_row_inner column_margin=&#8221;default&#8221; text_align=&#8221;left&#8221;][vc_column_inner column_padding=&#8221;no-extra-padding&#8221; column_padding_position=&#8221;all&#8221; centered_text=&#8221;true&#8221; background_color_opacity=&#8221;1&#8243; background_hover_color_opacity=&#8221;1&#8243; font_color=&#8221;#414142&#8243; column_shadow=&#8221;none&#8221; column_border_radius=&#8221;none&#8221; column_link_target=&#8221;_self&#8221; width=&#8221;1\/1&#8243; tablet_width_inherit=&#8221;default&#8221; column_border_width=&#8221;none&#8221; column_border_style=&#8221;solid&#8221; bg_image_animation=&#8221;none&#8221; enable_animation=&#8221;true&#8221; animation=&#8221;fade-in-from-bottom&#8221;][vc_column_text]\n<h2>We are reducing distances and saving time.<\/h2>\n<p>info@trendlog.com.tr[\/vc_column_text][\/vc_column_inner][\/vc_row_inner][vc_row_inner column_margin=&#8221;default&#8221; text_align=&#8221;left&#8221;][vc_column_inner column_padding=&#8221;no-extra-padding&#8221; column_padding_position=&#8221;all&#8221; background_color_opacity=&#8221;1&#8243; background_hover_color_opacity=&#8221;1&#8243; column_shadow=&#8221;none&#8221; column_border_radius=&#8221;none&#8221; column_link_target=&#8221;_self&#8221; width=&#8221;1\/1&#8243; tablet_width_inherit=&#8221;default&#8221; column_border_width=&#8221;none&#8221; column_border_style=&#8221;solid&#8221; bg_image_animation=&#8221;none&#8221; enable_animation=&#8221;true&#8221; animation=&#8221;fade-in-from-bottom&#8221; delay=&#8221;100&#8243;][image_with_animation image_url=&#8221;7406&#8243; alignment=&#8221;center&#8221; animation=&#8221;Fade In&#8221; border_radius=&#8221;none&#8221; box_shadow=&#8221;none&#8221; max_width=&#8221;100%&#8221;][\/vc_column_inner][\/vc_row_inner][\/vc_column][vc_column column_padding=&#8221;no-extra-padding&#8221; column_padding_position=&#8221;all&#8221; background_color_opacity=&#8221;1&#8243; background_hover_color_opacity=&#8221;1&#8243; column_link_target=&#8221;_self&#8221; column_shadow=&#8221;none&#8221; column_border_radius=&#8221;none&#8221; width=&#8221;1\/6&#8243; tablet_width_inherit=&#8221;default&#8221; tablet_text_alignment=&#8221;default&#8221; phone_text_alignment=&#8221;default&#8221; column_border_width=&#8221;none&#8221; column_border_style=&#8221;solid&#8221; bg_image_animation=&#8221;none&#8221;][\/vc_column][\/vc_row]\n","protected":false},"excerpt":{"rendered":"<p>[vc_row type=&#8221;full_width_background&#8221; full_screen_row_position=&#8221;middle&#8221; bg_color=&#8221;#121212&#8243; scene_position=&#8221;center&#8221; text_color=&#8221;dark&#8221; text_align=&#8221;left&#8221; top_padding=&#8221;3%&#8221; bottom_padding=&#8221;50&#8243; overlay_strength=&#8221;0.3&#8243; shape_divider_position=&#8221;bottom&#8221; bg_image_animation=&#8221;none&#8221; shape_type=&#8221;&#8221;][vc_column column_padding=&#8221;no-extra-padding&#8221; column_padding_position=&#8221;all&#8221; background_color_opacity=&#8221;1&#8243; background_hover_color_opacity=&#8221;1&#8243; font_color=&#8221;#ffffff&#8221; column_link_target=&#8221;_self&#8221; column_shadow=&#8221;none&#8221; column_border_radius=&#8221;none&#8221; width=&#8221;1\/2&#8243; tablet_width_inherit=&#8221;default&#8221; tablet_text_alignment=&#8221;default&#8221; phone_text_alignment=&#8221;default&#8221;&#8230;<\/p>\n","protected":false},"author":1,"featured_media":0,"parent":0,"menu_order":0,"comment_status":"closed","ping_status":"closed","template":"","meta":[],"yoast_head":"\n<title>Contact Info - TrendLog Lojistik &gt; Kazakistan Nakliye<\/title>\n<meta name=\"robots\" content=\"noindex, follow, max-snippet:-1, max-image-preview:large, max-video-preview:-1\" \/>\n<meta property=\"og:locale\" content=\"tr_TR\" \/>\n<meta property=\"og:type\" content=\"article\" \/>\n<meta property=\"og:title\" content=\"Contact Info - TrendLog Lojistik &gt; Kazakistan Nakliye\" \/>\n<meta property=\"og:description\" content=\"[vc_row type=&#8221;full_width_background&#8221; full_screen_row_position=&#8221;middle&#8221; bg_color=&#8221;#121212&#8243; scene_position=&#8221;center&#8221; text_color=&#8221;dark&#8221; text_align=&#8221;left&#8221; top_padding=&#8221;3%&#8221; bottom_padding=&#8221;50&#8243; overlay_strength=&#8221;0.3&#8243; shape_divider_position=&#8221;bottom&#8221; bg_image_animation=&#8221;none&#8221; shape_type=&#8221;&#8221;][vc_column column_padding=&#8221;no-extra-padding&#8221; column_padding_position=&#8221;all&#8221; background_color_opacity=&#8221;1&#8243; background_hover_color_opacity=&#8221;1&#8243; font_color=&#8221;#ffffff&#8221; column_link_target=&#8221;_self&#8221; column_shadow=&#8221;none&#8221; column_border_radius=&#8221;none&#8221; width=&#8221;1\/2&#8243; tablet_width_inherit=&#8221;default&#8221; tablet_text_alignment=&#8221;default&#8221; phone_text_alignment=&#8221;default&#8221;...\" \/>\n<meta property=\"og:url\" content=\"https:\/\/trendlog.com.tr\/en\/contact-info\/\" \/>\n<meta property=\"og:site_name\" content=\"TrendLog Lojistik &gt; Kazakistan Nakliye\" \/>\n<meta property=\"article:publisher\" content=\"https:\/\/www.facebook.com\/trendlogcomtr\" \/>\n<meta property=\"article:modified_time\" content=\"2023-01-24T12:08:34+00:00\" \/>\n<meta name=\"twitter:card\" content=\"summary_large_image\" \/>\n<meta name=\"twitter:label1\" content=\"Tahmini okuma s\u00fcresi\" \/>\n\t<meta name=\"twitter:data1\" content=\"2 dakika\" \/>\n<script type=\"application\/ld+json\" class=\"yoast-schema-graph\">{\"@context\":\"https:\/\/schema.org\",\"@graph\":[{\"@type\":\"Organization\",\"@id\":\"https:\/\/trendlog.com.tr\/en\/#organization\",\"name\":\"TrendLog Lojistik > Kazakistan Nakliye\",\"url\":\"https:\/\/trendlog.com.tr\/en\/\",\"sameAs\":[\"https:\/\/www.instagram.com\/trendlog_logistics\/\",\"https:\/\/www.facebook.com\/trendlogcomtr\"],\"logo\":{\"@type\":\"ImageObject\",\"inLanguage\":\"tr\",\"@id\":\"https:\/\/trendlog.com.tr\/en\/#\/schema\/logo\/image\/\",\"url\":\"https:\/\/trendlog.com.tr\/en\/kk\/wp-content\/uploads\/2022\/06\/trendlog-fav.png\",\"contentUrl\":\"https:\/\/trendlog.com.tr\/en\/kk\/wp-content\/uploads\/2022\/06\/trendlog-fav.png\",\"width\":100,\"height\":100,\"caption\":\"TrendLog Lojistik > Kazakistan Nakliye\"},\"image\":{\"@id\":\"https:\/\/trendlog.com.tr\/en\/#\/schema\/logo\/image\/\"}},{\"@type\":\"WebSite\",\"@id\":\"https:\/\/trendlog.com.tr\/en\/#website\",\"url\":\"https:\/\/trendlog.com.tr\/en\/\",\"name\":\"TrendLog Lojistik &gt; Kazakistan Nakliye\",\"description\":\"Uluslararas\u0131 Ta\u015f\u0131mac\u0131l\u0131k\",\"publisher\":{\"@id\":\"https:\/\/trendlog.com.tr\/en\/#organization\"},\"potentialAction\":[{\"@type\":\"SearchAction\",\"target\":{\"@type\":\"EntryPoint\",\"urlTemplate\":\"https:\/\/trendlog.com.tr\/en\/?s={search_term_string}\"},\"query-input\":\"required name=search_term_string\"}],\"inLanguage\":\"tr\"},{\"@type\":\"WebPage\",\"@id\":\"https:\/\/trendlog.com.tr\/en\/contact-info\/#webpage\",\"url\":\"https:\/\/trendlog.com.tr\/en\/contact-info\/\",\"name\":\"Contact Info - TrendLog Lojistik &gt; Kazakistan Nakliye\",\"isPartOf\":{\"@id\":\"https:\/\/trendlog.com.tr\/en\/#website\"},\"datePublished\":\"2021-11-25T22:05:00+00:00\",\"dateModified\":\"2023-01-24T12:08:34+00:00\",\"breadcrumb\":{\"@id\":\"https:\/\/trendlog.com.tr\/en\/contact-info\/#breadcrumb\"},\"inLanguage\":\"tr\",\"potentialAction\":[{\"@type\":\"ReadAction\",\"target\":[\"https:\/\/trendlog.com.tr\/en\/contact-info\/\"]}]},{\"@type\":\"BreadcrumbList\",\"@id\":\"https:\/\/trendlog.com.tr\/en\/contact-info\/#breadcrumb\",\"itemListElement\":[{\"@type\":\"ListItem\",\"position\":1,\"name\":\"Anasayfa\",\"item\":\"https:\/\/trendlog.com.tr\/en\/\"},{\"@type\":\"ListItem\",\"position\":2,\"name\":\"Contact Info\"}]}]}<\/script>\n","yoast_head_json":{"title":"Contact Info - TrendLog Lojistik &gt; Kazakistan Nakliye","robots":{"index":"noindex","follow":"follow","max-snippet":"max-snippet:-1","max-image-preview":"max-image-preview:large","max-video-preview":"max-video-preview:-1"},"og_locale":"tr_TR","og_type":"article","og_title":"Contact Info - TrendLog Lojistik &gt; Kazakistan Nakliye","og_description":"[vc_row type=&#8221;full_width_background&#8221; full_screen_row_position=&#8221;middle&#8221; bg_color=&#8221;#121212&#8243; scene_position=&#8221;center&#8221; text_color=&#8221;dark&#8221; text_align=&#8221;left&#8221; top_padding=&#8221;3%&#8221; bottom_padding=&#8221;50&#8243; overlay_strength=&#8221;0.3&#8243; shape_divider_position=&#8221;bottom&#8221; bg_image_animation=&#8221;none&#8221; shape_type=&#8221;&#8221;][vc_column column_padding=&#8221;no-extra-padding&#8221; column_padding_position=&#8221;all&#8221; background_color_opacity=&#8221;1&#8243; background_hover_color_opacity=&#8221;1&#8243; font_color=&#8221;#ffffff&#8221; column_link_target=&#8221;_self&#8221; column_shadow=&#8221;none&#8221; column_border_radius=&#8221;none&#8221; width=&#8221;1\/2&#8243; tablet_width_inherit=&#8221;default&#8221; tablet_text_alignment=&#8221;default&#8221; phone_text_alignment=&#8221;default&#8221;...","og_url":"https:\/\/trendlog.com.tr\/en\/contact-info\/","og_site_name":"TrendLog Lojistik &gt; Kazakistan Nakliye","article_publisher":"https:\/\/www.facebook.com\/trendlogcomtr","article_modified_time":"2023-01-24T12:08:34+00:00","twitter_card":"summary_large_image","twitter_misc":{"Tahmini okuma s\u00fcresi":"2 dakika"},"schema":{"@context":"https:\/\/schema.org","@graph":[{"@type":"Organization","@id":"https:\/\/trendlog.com.tr\/en\/#organization","name":"TrendLog Lojistik > Kazakistan Nakliye","url":"https:\/\/trendlog.com.tr\/en\/","sameAs":["https:\/\/www.instagram.com\/trendlog_logistics\/","https:\/\/www.facebook.com\/trendlogcomtr"],"logo":{"@type":"ImageObject","inLanguage":"tr","@id":"https:\/\/trendlog.com.tr\/en\/#\/schema\/logo\/image\/","url":"https:\/\/trendlog.com.tr\/en\/kk\/wp-content\/uploads\/2022\/06\/trendlog-fav.png","contentUrl":"https:\/\/trendlog.com.tr\/en\/kk\/wp-content\/uploads\/2022\/06\/trendlog-fav.png","width":100,"height":100,"caption":"TrendLog Lojistik > Kazakistan Nakliye"},"image":{"@id":"https:\/\/trendlog.com.tr\/en\/#\/schema\/logo\/image\/"}},{"@type":"WebSite","@id":"https:\/\/trendlog.com.tr\/en\/#website","url":"https:\/\/trendlog.com.tr\/en\/","name":"TrendLog Lojistik &gt; Kazakistan Nakliye","description":"Uluslararas\u0131 Ta\u015f\u0131mac\u0131l\u0131k","publisher":{"@id":"https:\/\/trendlog.com.tr\/en\/#organization"},"potentialAction":[{"@type":"SearchAction","target":{"@type":"EntryPoint","urlTemplate":"https:\/\/trendlog.com.tr\/en\/?s={search_term_string}"},"query-input":"required name=search_term_string"}],"inLanguage":"tr"},{"@type":"WebPage","@id":"https:\/\/trendlog.com.tr\/en\/contact-info\/#webpage","url":"https:\/\/trendlog.com.tr\/en\/contact-info\/","name":"Contact Info - TrendLog Lojistik &gt; Kazakistan Nakliye","isPartOf":{"@id":"https:\/\/trendlog.com.tr\/en\/#website"},"datePublished":"2021-11-25T22:05:00+00:00","dateModified":"2023-01-24T12:08:34+00:00","breadcrumb":{"@id":"https:\/\/trendlog.com.tr\/en\/contact-info\/#breadcrumb"},"inLanguage":"tr","potentialAction":[{"@type":"ReadAction","target":["https:\/\/trendlog.com.tr\/en\/contact-info\/"]}]},{"@type":"BreadcrumbList","@id":"https:\/\/trendlog.com.tr\/en\/contact-info\/#breadcrumb","itemListElement":[{"@type":"ListItem","position":1,"name":"Anasayfa","item":"https:\/\/trendlog.com.tr\/en\/"},{"@type":"ListItem","position":2,"name":"Contact Info"}]}]}},"_links":{"self":[{"href":"https:\/\/trendlog.com.tr\/en\/wp-json\/wp\/v2\/pages\/7015"}],"collection":[{"href":"https:\/\/trendlog.com.tr\/en\/wp-json\/wp\/v2\/pages"}],"about":[{"href":"https:\/\/trendlog.com.tr\/en\/wp-json\/wp\/v2\/types\/page"}],"author":[{"embeddable":true,"href":"https:\/\/trendlog.com.tr\/en\/wp-json\/wp\/v2\/users\/1"}],"replies":[{"embeddable":true,"href":"https:\/\/trendlog.com.tr\/en\/wp-json\/wp\/v2\/comments?post=7015"}],"version-history":[{"count":23,"href":"https:\/\/trendlog.com.tr\/en\/wp-json\/wp\/v2\/pages\/7015\/revisions"}],"predecessor-version":[{"id":7645,"href":"https:\/\/trendlog.com.tr\/en\/wp-json\/wp\/v2\/pages\/7015\/revisions\/7645"}],"wp:attachment":[{"href":"https:\/\/trendlog.com.tr\/en\/wp-json\/wp\/v2\/media?parent=7015"}],"curies":[{"name":"wp","href":"https:\/\/api.w.org\/{rel}","templated":true}]}}