{"id":7041,"date":"2021-11-25T22:45:19","date_gmt":"2021-11-25T22:45:19","guid":{"rendered":"https:\/\/garnetlojistik.com\/garnet\/?page_id=7041"},"modified":"2022-08-24T12:21:14","modified_gmt":"2022-08-24T12:21:14","slug":"global-network","status":"publish","type":"page","link":"https:\/\/trendlog.com.tr\/en\/global-network\/","title":{"rendered":"Global Network"},"content":{"rendered":"[vc_row type=&#8221;full_width_content&#8221; full_screen_row_position=&#8221;middle&#8221; scene_position=&#8221;center&#8221; text_color=&#8221;light&#8221; text_align=&#8221;left&#8221; overlay_strength=&#8221;0.3&#8243; shape_divider_position=&#8221;bottom&#8221; bg_image_animation=&#8221;none&#8221; shape_type=&#8221;&#8221;][vc_column column_padding=&#8221;no-extra-padding&#8221; column_padding_position=&#8221;all&#8221; background_color_opacity=&#8221;1&#8243; background_hover_color_opacity=&#8221;1&#8243; font_color=&#8221;#ffffff&#8221; column_link_target=&#8221;_self&#8221; column_shadow=&#8221;none&#8221; column_border_radius=&#8221;none&#8221; width=&#8221;1\/1&#8243; tablet_width_inherit=&#8221;default&#8221; tablet_text_alignment=&#8221;default&#8221; phone_text_alignment=&#8221;default&#8221; column_border_width=&#8221;none&#8221; column_border_style=&#8221;solid&#8221; bg_image_animation=&#8221;none&#8221;][vc_column_text]<iframe loading=\"lazy\" src=\"https:\/\/www.google.com\/maps\/d\/embed?mid=1lOMPNbA2ecyQtMyDn1qweOTy45TCHZpE&amp;ehbc=2E312F\" width=\"100%\" height=\"480\"><\/iframe>[\/vc_column_text][\/vc_column][\/vc_row][vc_row type=&#8221;in_container&#8221; full_screen_row_position=&#8221;middle&#8221; scene_position=&#8221;center&#8221; text_color=&#8221;dark&#8221; text_align=&#8221;left&#8221; top_padding=&#8221;1%&#8221; overlay_strength=&#8221;0.3&#8243; shape_divider_position=&#8221;bottom&#8221; bg_image_animation=&#8221;none&#8221; shape_type=&#8221;&#8221;][vc_column column_padding=&#8221;no-extra-padding&#8221; column_padding_position=&#8221;all&#8221; background_color_opacity=&#8221;1&#8243; background_hover_color_opacity=&#8221;1&#8243; column_link_target=&#8221;_self&#8221; column_shadow=&#8221;none&#8221; column_border_radius=&#8221;none&#8221; width=&#8221;1\/3&#8243; tablet_width_inherit=&#8221;default&#8221; tablet_text_alignment=&#8221;default&#8221; phone_text_alignment=&#8221;default&#8221; column_border_width=&#8221;none&#8221; column_border_style=&#8221;solid&#8221; bg_image_animation=&#8221;none&#8221;][vc_column_text]\n<h4>TURKEY<\/h4>\n<ul>\n<li>Adana<\/li>\n<li>Ad\u0131yaman<\/li>\n<li>Afyonkarahisar<\/li>\n<li>A\u011fr\u0131<\/li>\n<li>Aksaray<\/li>\n<li>Amasya<\/li>\n<li>Ankara<\/li>\n<li>Antalya<\/li>\n<li>Ardahan<\/li>\n<li>Artvin<\/li>\n<li>Ayd\u0131n<\/li>\n<li>Bal\u0131kesir<\/li>\n<li>Bart\u0131n<\/li>\n<li>Batman<\/li>\n<li>Bayburt<\/li>\n<li>Bilecik<\/li>\n<li>Bing\u00f6l<\/li>\n<li>Bitlis<\/li>\n<li>Bolu<\/li>\n<li>Burdur<\/li>\n<li>Bursa<\/li>\n<li>\u00c7anakkale<\/li>\n<li>\u00c7ank\u0131r\u0131<\/li>\n<li>\u00c7orum<\/li>\n<li>Denizli<\/li>\n<li>Diyarbak\u0131r<\/li>\n<li>D\u00fczce<\/li>\n<li>Edirne<\/li>\n<li>Elaz\u0131\u011f<\/li>\n<li>Erzincan<\/li>\n<li>Erzurum<\/li>\n<li>Eski\u015fehir<\/li>\n<li>Gaziantep<\/li>\n<li>Giresun<\/li>\n<li>G\u00fcm\u00fc\u015fhane<\/li>\n<li>Hakk\u00e2ri<\/li>\n<li>Hatay<\/li>\n<li>I\u011fd\u0131r<\/li>\n<li>Isparta<\/li>\n<li>\u0130stanbul<\/li>\n<\/ul>\n<ul>\n<li>\u0130zmir<\/li>\n<li>Kahramanmara\u015f<\/li>\n<li>Karab\u00fck<\/li>\n<li>Karaman<\/li>\n<li>Kars<\/li>\n<li>Kastamonu<\/li>\n<li>Kayseri<\/li>\n<li>K\u0131r\u0131kkale<\/li>\n<li>K\u0131rklareli<\/li>\n<li>K\u0131r\u015fehir<\/li>\n<li>Kilis<\/li>\n<li>Kocaeli<\/li>\n<li>Konya<\/li>\n<li>K\u00fctahya<\/li>\n<li>Malatya<\/li>\n<li>Manisa<\/li>\n<li>Mardin<\/li>\n<li>Mersin<\/li>\n<li>Mu\u011fla<\/li>\n<li>Mu\u015f<\/li>\n<li>Nev\u015fehir<\/li>\n<li>Ni\u011fde<\/li>\n<li>Ordu<\/li>\n<li>Osmaniye<\/li>\n<li>Rize<\/li>\n<li>Sakarya<\/li>\n<li>Samsun<\/li>\n<li>Siirt<\/li>\n<li>Sinop<\/li>\n<li>Sivas<\/li>\n<li>\u015eanl\u0131urfa<\/li>\n<li>\u015e\u0131rnak<\/li>\n<li>Tekirda\u011f<\/li>\n<li>Tokat<\/li>\n<li>Trabzon<\/li>\n<li>Tunceli<\/li>\n<li>U\u015fak<\/li>\n<li>Van<\/li>\n<li>Yalova<\/li>\n<li>Yozgat<\/li>\n<li>Zonguldak<\/li>\n<\/ul>\n[\/vc_column_text][vc_column_text]\n<h4>KYRGYZ\u0130STAN<\/h4>\n<ul>\n<li>Ko\u00e7kor-Ata<\/li>\n<li>K\u00f6kcangak<\/li>\n<li>K\u00f6kta\u015f<\/li>\n<li>Kyzl-Jar<\/li>\n<li>Kyzyl-Kiya<\/li>\n<li>Mailuu-Suu<\/li>\n<li>Maymak<\/li>\n<li>Min-Ku\u015f<\/li>\n<li>Nar\u0131n<\/li>\n<li>Nayman<\/li>\n<li>Eski-Nookat<\/li>\n<li>Orto-Tokoy<\/li>\n<li>O\u015f<\/li>\n<\/ul>\n[\/vc_column_text][\/vc_column][vc_column column_padding=&#8221;no-extra-padding&#8221; column_padding_position=&#8221;all&#8221; background_color_opacity=&#8221;1&#8243; background_hover_color_opacity=&#8221;1&#8243; column_link_target=&#8221;_self&#8221; column_shadow=&#8221;none&#8221; column_border_radius=&#8221;none&#8221; width=&#8221;1\/3&#8243; tablet_width_inherit=&#8221;default&#8221; tablet_text_alignment=&#8221;default&#8221; phone_text_alignment=&#8221;default&#8221; column_border_width=&#8221;none&#8221; column_border_style=&#8221;solid&#8221; bg_image_animation=&#8221;none&#8221;][vc_column_text]\n<h4>KAZAKHSTAN<\/h4>\n<ul>\n<li>Akk\u00f6l<\/li>\n<li>Alatau<\/li>\n<li>Almat\u0131<\/li>\n<li>Aqtas<\/li>\n<li>Aqtau<\/li>\n<li>Akt\u00f6be\u00a0(Aktyubinsk)<\/li>\n<li>Aral<\/li>\n<li>Arkal\u0131k<\/li>\n<li>Nur-Sultan\u00a0(ba\u015fkent)<\/li>\n<li>At\u0131rau<\/li>\n<li>Ayag\u00f6z<\/li>\n<li>Balka\u015f<\/li>\n<li>Beyneu<\/li>\n<li>Baykon\u0131r<\/li>\n<li>Chapayev<\/li>\n<li>\u015eamalgan<\/li>\n<li>Chu<\/li>\n<li>\u00c7imkent<\/li>\n<li>Jezkazgan\u00a0(Zhezkazgan)<\/li>\n<li>Ekibastuz<\/li>\n<li>Embi<\/li>\n<li>Fort Shevchenko<\/li>\n<li>Karagand\u0131<\/li>\n<li>Korgas<\/li>\n<li>Kizilyar<\/li>\n<li>K\u00f6k\u015fetau<\/li>\n<\/ul>\n<ul>\n<li>Kostanai<\/li>\n<li>Oktyabr\u2019sk<\/li>\n<li>Oral<\/li>\n<li>\u00d6skemen\u00a0(Ust-Kameogorsk)<\/li>\n<li>Pavlodar<\/li>\n<li>Petropavl\u00a0(Petropavlovsk)<\/li>\n<li>Qazal\u0131<\/li>\n<li>K\u0131z\u0131lorda)<\/li>\n<li>Ridder\u00a0(Leninogorsk)<\/li>\n<li>Rudniy<\/li>\n<li>Sar\u0131\u015fagan<\/li>\n<li>Satbayev<\/li>\n<li>Semey\u00a0(Semipalatinsk)<\/li>\n<li>Tald\u0131korgan<\/li>\n<li>Taraz\u00a0(Aulie-Ata)<\/li>\n<li>Temirtau<\/li>\n<li>T\u00f6retam<\/li>\n<li>T\u00fcrkistan\u00a0(Yasi)<\/li>\n<li>Wasij<\/li>\n<li>Zaysan<\/li>\n<li>Jana \u00d6zen<\/li>\n<li>Jarkent<\/li>\n<li>Zerendi<\/li>\n<\/ul>\n[\/vc_column_text][vc_column_text]\n<h4>RUSSIA<\/h4>\n<ul>\n<li>Rostov-na-Donu<\/li>\n<li>Sankt-Peterburg<\/li>\n<li>Vladivostok<\/li>\n<li>Moscow<\/li>\n<\/ul>\n<ul>\n<li>Novosibirsk<\/li>\n<li>Yekaterinburg<\/li>\n<li>Nijni Novgorod<\/li>\n<li>Pyatigorsk<\/li>\n<\/ul>\n<h4>MONGOLIA<\/h4>\n<ul>\n<li>Ulan-Batur<\/li>\n<\/ul>\n<h4>TAJ\u0130K\u0130STAN<\/h4>\n<ul>\n<li>DU\u015eANBE<\/li>\n<li>SANKTUDA<\/li>\n<\/ul>\n[\/vc_column_text][vc_column_text]\n<h4>CHINA<\/h4>\n<ul>\n<li>Horgos district<\/li>\n<\/ul>\n[\/vc_column_text][\/vc_column][vc_column column_padding=&#8221;no-extra-padding&#8221; column_padding_position=&#8221;all&#8221; background_color_opacity=&#8221;1&#8243; background_hover_color_opacity=&#8221;1&#8243; column_link_target=&#8221;_self&#8221; column_shadow=&#8221;none&#8221; column_border_radius=&#8221;none&#8221; width=&#8221;1\/3&#8243; tablet_width_inherit=&#8221;default&#8221; tablet_text_alignment=&#8221;default&#8221; phone_text_alignment=&#8221;default&#8221; column_border_width=&#8221;none&#8221; column_border_style=&#8221;solid&#8221; bg_image_animation=&#8221;none&#8221;][vc_column_text]\n<h4>UZBEK\u0130STAN<\/h4>\n<ul>\n<li>Ahunbabaev<\/li>\n<li>Akalt\u0131n<\/li>\n<li>Akta\u015f, \u00d6zbekistan<\/li>\n<li>Alat<\/li>\n<li>Alt\u0131ar\u0131k<\/li>\n<li>Andican<\/li>\n<li>Angren<\/li>\n<li>Asaka<\/li>\n<li>Bal\u0131k\u00e7\u0131, \u00d6zbekistan<\/li>\n<li>Ba\u011fdad, \u00d6zbekistan<\/li>\n<li>Ba\u011fot<\/li>\n<li>Bekabad<\/li>\n<li>Beruni<\/li>\n<li>Be\u015far\u0131k<\/li>\n<li>Be\u015fkent<\/li>\n<li>Bostan, Karakalpakistan<\/li>\n<li>Boz<\/li>\n<li>Buhara<\/li>\n<li>Bulakba\u015f\u0131, \u00d6zbekistan<\/li>\n<li>Bulungur<\/li>\n<li>Candar, \u00d6zbekistan<\/li>\n<li>Carkorgan<\/li>\n<li>Cizzak<\/li>\n<li>Dangara<\/li>\n<li>Denau<\/li>\n<li>Dostluk (\u015fehir)<\/li>\n<li>D\u00f6rtg\u00f6l<\/li>\n<li>Fergana<\/li>\n<li>Gagarin, \u00d6zbekistan<\/li>\n<li>Galaasiya<\/li>\n<li>Galipler<\/li>\n<li>Gallaaral<\/li>\n<li>Gazalkent<\/li>\n<li>Gicduvan<\/li>\n<li>G\u00fclistan, \u00d6zbekistan<\/li>\n<li>G\u00fcrlen<\/li>\n<li>G\u00fczar<\/li>\n<li>Hanka<\/li>\n<li>Hazarasp<\/li>\n<li>Hive<\/li>\n<li>Hocaabad<\/li>\n<li>Hocayli<\/li>\n<li>Juma<\/li>\n<li>Kama\u015f\u0131<\/li>\n<li>Karag\u00f6l, \u00d6zbekistan<\/li>\n<li>Karaulpazar<\/li>\n<li>Kara\u015fina<\/li>\n<li>Kar\u015fi<\/li>\n<li>Kasan<\/li>\n<li>Kasansay<\/li>\n<li>Ka\u011fan, \u00d6zbekistan<\/li>\n<li>Keles, \u00d6zbekistan<\/li>\n<li>Kitap, \u00d6zbekistan<\/li>\n<li>K\u0131z\u0131ltepe, \u00d6zbekistan<\/li>\n<li>Kokand<\/li>\n<li>Konurat<\/li>\n<li>Ko\u015fk\u00f6p\u00fcr<\/li>\n<li>Kurgantepa<\/li>\n<li>Kuva<\/li>\n<li>K\u00fcyganyar<\/li>\n<\/ul>\n<ul>\n<li>Margilan<\/li>\n<li>Merhamet, \u00d6zbekistan<\/li>\n<li>Moynak<\/li>\n<li>Mu\u011flan<\/li>\n<li>Namangan<\/li>\n<li>Navoiy<\/li>\n<li>Nukus<\/li>\n<li>N\u00fcrata<\/li>\n<li>Pahtaabad<\/li>\n<li>Pahtakar<\/li>\n<li>Pap<\/li>\n<li>Parkent<\/li>\n<li>Paytug<\/li>\n<li>Ri\u015ftan<\/li>\n<li>Romitan<\/li>\n<li>Semerkant<\/li>\n<li>Sirderya, \u00d6zbekistan<\/li>\n<li>Ta\u015flak<\/li>\n<li>Tirmiz<\/li>\n<li>Toytepe<\/li>\n<li>Urgen\u00e7<\/li>\n<li>Usmat<\/li>\n<li>Vabkent<\/li>\n<li>Yangiabad<\/li>\n<li>Yangiyer<\/li>\n<li>Yaypan<\/li>\n<li>Yazyavan<\/li>\n<li>Yenik\u0131\u015flak<\/li>\n<li>Yenipazar, Buhara<\/li>\n<li>Yenipazar, Harezm<\/li>\n<li>Yenipazar, \u00d6zbekistan<\/li>\n<li>Yeniyol, \u00d6zbekistan<\/li>\n<li>Zaamin<\/li>\n<li>Zafarabad<\/li>\n<li>Zaraf\u015fan<\/li>\n<li>Zarbdar<\/li>\n<li>\u00c7imbay<\/li>\n<li>\u00c7\u0131rak\u00e7\u0131<\/li>\n<li>\u00c7ir\u00e7ig<\/li>\n<li>\u00c7ust<\/li>\n<li>\u00dcrg\u00fct<\/li>\n<li>\u00dc\u00e7korgan<\/li>\n<li>\u00dc\u00e7kuduk<\/li>\n<li>\u0130bret, \u00d6zbekistan<\/li>\n<li>\u0130\u015ftihan<\/li>\n<li>\u015eafirkan<\/li>\n<li>\u015eahimerdan<\/li>\n<li>\u015eahrihan<\/li>\n<li>\u015eavat<\/li>\n<li>\u015eehr-i-Sebz<\/li>\n<li>\u015eor\u00e7\u0131<\/li>\n<li>\u015eumanay<\/li>\n<\/ul>\n[\/vc_column_text][\/vc_column][\/vc_row][vc_row type=&#8221;full_width_background&#8221; full_screen_row_position=&#8221;middle&#8221; bg_image=&#8221;7439&#8243; bg_position=&#8221;right bottom&#8221; bg_repeat=&#8221;no-repeat&#8221; scene_position=&#8221;center&#8221; text_color=&#8221;dark&#8221; text_align=&#8221;left&#8221; top_padding=&#8221;13%&#8221; bottom_padding=&#8221;9%&#8221; overlay_strength=&#8221;1&#8243; shape_divider_position=&#8221;top&#8221; shape_divider_height=&#8221;250&#8243; bg_image_animation=&#8221;fade-in&#8221; shape_type=&#8221;fan&#8221;][vc_column centered_text=&#8221;true&#8221; column_padding=&#8221;no-extra-padding&#8221; column_padding_position=&#8221;all&#8221; background_color_opacity=&#8221;1&#8243; background_hover_color_opacity=&#8221;1&#8243; column_link_target=&#8221;_self&#8221; column_shadow=&#8221;none&#8221; column_border_radius=&#8221;none&#8221; width=&#8221;1\/6&#8243; tablet_width_inherit=&#8221;default&#8221; tablet_text_alignment=&#8221;default&#8221; phone_text_alignment=&#8221;default&#8221; column_border_width=&#8221;none&#8221; column_border_style=&#8221;solid&#8221; bg_image_animation=&#8221;none&#8221;][\/vc_column][vc_column centered_text=&#8221;true&#8221; column_padding=&#8221;no-extra-padding&#8221; column_padding_position=&#8221;all&#8221; background_color_opacity=&#8221;1&#8243; background_hover_color_opacity=&#8221;1&#8243; column_link_target=&#8221;_self&#8221; column_shadow=&#8221;none&#8221; column_border_radius=&#8221;none&#8221; width=&#8221;2\/3&#8243; tablet_width_inherit=&#8221;default&#8221; tablet_text_alignment=&#8221;default&#8221; phone_text_alignment=&#8221;default&#8221; column_border_width=&#8221;none&#8221; column_border_style=&#8221;solid&#8221; bg_image_animation=&#8221;none&#8221;][vc_row_inner column_margin=&#8221;default&#8221; text_align=&#8221;left&#8221;][vc_column_inner column_padding=&#8221;no-extra-padding&#8221; column_padding_position=&#8221;all&#8221; centered_text=&#8221;true&#8221; background_color_opacity=&#8221;1&#8243; background_hover_color_opacity=&#8221;1&#8243; font_color=&#8221;#414142&#8243; column_shadow=&#8221;none&#8221; column_border_radius=&#8221;none&#8221; column_link_target=&#8221;_self&#8221; width=&#8221;1\/1&#8243; tablet_width_inherit=&#8221;default&#8221; column_border_width=&#8221;none&#8221; column_border_style=&#8221;solid&#8221; bg_image_animation=&#8221;none&#8221; enable_animation=&#8221;true&#8221; animation=&#8221;fade-in-from-bottom&#8221;][vc_column_text]\n<h2>We are reducing distances and saving time.<\/h2>\n<p>info@trendlog.com.tr[\/vc_column_text][\/vc_column_inner][\/vc_row_inner][vc_row_inner column_margin=&#8221;default&#8221; text_align=&#8221;left&#8221;][vc_column_inner column_padding=&#8221;no-extra-padding&#8221; column_padding_position=&#8221;all&#8221; background_color_opacity=&#8221;1&#8243; background_hover_color_opacity=&#8221;1&#8243; column_shadow=&#8221;none&#8221; column_border_radius=&#8221;none&#8221; column_link_target=&#8221;_self&#8221; width=&#8221;1\/1&#8243; tablet_width_inherit=&#8221;default&#8221; column_border_width=&#8221;none&#8221; column_border_style=&#8221;solid&#8221; bg_image_animation=&#8221;none&#8221; enable_animation=&#8221;true&#8221; animation=&#8221;fade-in-from-bottom&#8221; delay=&#8221;100&#8243;][image_with_animation image_url=&#8221;7406&#8243; alignment=&#8221;center&#8221; animation=&#8221;Fade In&#8221; border_radius=&#8221;none&#8221; box_shadow=&#8221;none&#8221; max_width=&#8221;100%&#8221;][\/vc_column_inner][\/vc_row_inner][\/vc_column][vc_column column_padding=&#8221;no-extra-padding&#8221; column_padding_position=&#8221;all&#8221; background_color_opacity=&#8221;1&#8243; background_hover_color_opacity=&#8221;1&#8243; column_link_target=&#8221;_self&#8221; column_shadow=&#8221;none&#8221; column_border_radius=&#8221;none&#8221; width=&#8221;1\/6&#8243; tablet_width_inherit=&#8221;default&#8221; tablet_text_alignment=&#8221;default&#8221; phone_text_alignment=&#8221;default&#8221; column_border_width=&#8221;none&#8221; column_border_style=&#8221;solid&#8221; bg_image_animation=&#8221;none&#8221;][\/vc_column][\/vc_row]\n","protected":false},"excerpt":{"rendered":"<p>[vc_row type=&#8221;full_width_content&#8221; full_screen_row_position=&#8221;middle&#8221; scene_position=&#8221;center&#8221; text_color=&#8221;light&#8221; text_align=&#8221;left&#8221; overlay_strength=&#8221;0.3&#8243; shape_divider_position=&#8221;bottom&#8221; bg_image_animation=&#8221;none&#8221; shape_type=&#8221;&#8221;][vc_column column_padding=&#8221;no-extra-padding&#8221; column_padding_position=&#8221;all&#8221; background_color_opacity=&#8221;1&#8243; background_hover_color_opacity=&#8221;1&#8243; font_color=&#8221;#ffffff&#8221; column_link_target=&#8221;_self&#8221; column_shadow=&#8221;none&#8221; column_border_radius=&#8221;none&#8221; width=&#8221;1\/1&#8243; tablet_width_inherit=&#8221;default&#8221; tablet_text_alignment=&#8221;default&#8221; phone_text_alignment=&#8221;default&#8221; column_border_width=&#8221;none&#8221; column_border_style=&#8221;solid&#8221; bg_image_animation=&#8221;none&#8221;][vc_column_text][\/vc_column_text][\/vc_column][\/vc_row][vc_row&#8230;<\/p>\n","protected":false},"author":1,"featured_media":0,"parent":0,"menu_order":0,"comment_status":"closed","ping_status":"closed","template":"","meta":[],"yoast_head":"\n<title>Global Network - TrendLog Lojistik &gt; Kazakistan Nakliye<\/title>\n<meta name=\"robots\" content=\"noindex, follow, max-snippet:-1, max-image-preview:large, max-video-preview:-1\" \/>\n<meta property=\"og:locale\" content=\"tr_TR\" \/>\n<meta property=\"og:type\" content=\"article\" \/>\n<meta property=\"og:title\" content=\"Global Network - TrendLog Lojistik &gt; Kazakistan Nakliye\" \/>\n<meta property=\"og:description\" content=\"[vc_row type=&#8221;full_width_content&#8221; full_screen_row_position=&#8221;middle&#8221; scene_position=&#8221;center&#8221; text_color=&#8221;light&#8221; text_align=&#8221;left&#8221; overlay_strength=&#8221;0.3&#8243; shape_divider_position=&#8221;bottom&#8221; bg_image_animation=&#8221;none&#8221; shape_type=&#8221;&#8221;][vc_column column_padding=&#8221;no-extra-padding&#8221; column_padding_position=&#8221;all&#8221; background_color_opacity=&#8221;1&#8243; background_hover_color_opacity=&#8221;1&#8243; font_color=&#8221;#ffffff&#8221; column_link_target=&#8221;_self&#8221; column_shadow=&#8221;none&#8221; column_border_radius=&#8221;none&#8221; width=&#8221;1\/1&#8243; tablet_width_inherit=&#8221;default&#8221; tablet_text_alignment=&#8221;default&#8221; phone_text_alignment=&#8221;default&#8221; column_border_width=&#8221;none&#8221; column_border_style=&#8221;solid&#8221; bg_image_animation=&#8221;none&#8221;][vc_column_text][\/vc_column_text][\/vc_column][\/vc_row][vc_row...\" \/>\n<meta property=\"og:url\" content=\"https:\/\/trendlog.com.tr\/en\/global-network\/\" \/>\n<meta property=\"og:site_name\" content=\"TrendLog Lojistik &gt; Kazakistan Nakliye\" \/>\n<meta property=\"article:publisher\" content=\"https:\/\/www.facebook.com\/trendlogcomtr\" \/>\n<meta property=\"article:modified_time\" content=\"2022-08-24T12:21:14+00:00\" \/>\n<meta name=\"twitter:card\" content=\"summary_large_image\" \/>\n<meta name=\"twitter:label1\" content=\"Tahmini okuma s\u00fcresi\" \/>\n\t<meta name=\"twitter:data1\" content=\"4 dakika\" \/>\n<script type=\"application\/ld+json\" class=\"yoast-schema-graph\">{\"@context\":\"https:\/\/schema.org\",\"@graph\":[{\"@type\":\"Organization\",\"@id\":\"https:\/\/trendlog.com.tr\/en\/#organization\",\"name\":\"TrendLog Lojistik > Kazakistan Nakliye\",\"url\":\"https:\/\/trendlog.com.tr\/en\/\",\"sameAs\":[\"https:\/\/www.instagram.com\/trendlog_logistics\/\",\"https:\/\/www.facebook.com\/trendlogcomtr\"],\"logo\":{\"@type\":\"ImageObject\",\"inLanguage\":\"tr\",\"@id\":\"https:\/\/trendlog.com.tr\/en\/#\/schema\/logo\/image\/\",\"url\":\"https:\/\/trendlog.com.tr\/en\/kk\/wp-content\/uploads\/2022\/06\/trendlog-fav.png\",\"contentUrl\":\"https:\/\/trendlog.com.tr\/en\/kk\/wp-content\/uploads\/2022\/06\/trendlog-fav.png\",\"width\":100,\"height\":100,\"caption\":\"TrendLog Lojistik > Kazakistan Nakliye\"},\"image\":{\"@id\":\"https:\/\/trendlog.com.tr\/en\/#\/schema\/logo\/image\/\"}},{\"@type\":\"WebSite\",\"@id\":\"https:\/\/trendlog.com.tr\/en\/#website\",\"url\":\"https:\/\/trendlog.com.tr\/en\/\",\"name\":\"TrendLog Lojistik &gt; Kazakistan Nakliye\",\"description\":\"Uluslararas\u0131 Ta\u015f\u0131mac\u0131l\u0131k\",\"publisher\":{\"@id\":\"https:\/\/trendlog.com.tr\/en\/#organization\"},\"potentialAction\":[{\"@type\":\"SearchAction\",\"target\":{\"@type\":\"EntryPoint\",\"urlTemplate\":\"https:\/\/trendlog.com.tr\/en\/?s={search_term_string}\"},\"query-input\":\"required name=search_term_string\"}],\"inLanguage\":\"tr\"},{\"@type\":\"WebPage\",\"@id\":\"https:\/\/trendlog.com.tr\/en\/global-network\/#webpage\",\"url\":\"https:\/\/trendlog.com.tr\/en\/global-network\/\",\"name\":\"Global Network - TrendLog Lojistik &gt; Kazakistan Nakliye\",\"isPartOf\":{\"@id\":\"https:\/\/trendlog.com.tr\/en\/#website\"},\"datePublished\":\"2021-11-25T22:45:19+00:00\",\"dateModified\":\"2022-08-24T12:21:14+00:00\",\"breadcrumb\":{\"@id\":\"https:\/\/trendlog.com.tr\/en\/global-network\/#breadcrumb\"},\"inLanguage\":\"tr\",\"potentialAction\":[{\"@type\":\"ReadAction\",\"target\":[\"https:\/\/trendlog.com.tr\/en\/global-network\/\"]}]},{\"@type\":\"BreadcrumbList\",\"@id\":\"https:\/\/trendlog.com.tr\/en\/global-network\/#breadcrumb\",\"itemListElement\":[{\"@type\":\"ListItem\",\"position\":1,\"name\":\"Anasayfa\",\"item\":\"https:\/\/trendlog.com.tr\/en\/\"},{\"@type\":\"ListItem\",\"position\":2,\"name\":\"Global Network\"}]}]}<\/script>\n","yoast_head_json":{"title":"Global Network - TrendLog Lojistik &gt; Kazakistan Nakliye","robots":{"index":"noindex","follow":"follow","max-snippet":"max-snippet:-1","max-image-preview":"max-image-preview:large","max-video-preview":"max-video-preview:-1"},"og_locale":"tr_TR","og_type":"article","og_title":"Global Network - TrendLog Lojistik &gt; Kazakistan Nakliye","og_description":"[vc_row type=&#8221;full_width_content&#8221; full_screen_row_position=&#8221;middle&#8221; scene_position=&#8221;center&#8221; text_color=&#8221;light&#8221; text_align=&#8221;left&#8221; overlay_strength=&#8221;0.3&#8243; shape_divider_position=&#8221;bottom&#8221; bg_image_animation=&#8221;none&#8221; shape_type=&#8221;&#8221;][vc_column column_padding=&#8221;no-extra-padding&#8221; column_padding_position=&#8221;all&#8221; background_color_opacity=&#8221;1&#8243; background_hover_color_opacity=&#8221;1&#8243; font_color=&#8221;#ffffff&#8221; column_link_target=&#8221;_self&#8221; column_shadow=&#8221;none&#8221; column_border_radius=&#8221;none&#8221; width=&#8221;1\/1&#8243; tablet_width_inherit=&#8221;default&#8221; tablet_text_alignment=&#8221;default&#8221; phone_text_alignment=&#8221;default&#8221; column_border_width=&#8221;none&#8221; column_border_style=&#8221;solid&#8221; bg_image_animation=&#8221;none&#8221;][vc_column_text][\/vc_column_text][\/vc_column][\/vc_row][vc_row...","og_url":"https:\/\/trendlog.com.tr\/en\/global-network\/","og_site_name":"TrendLog Lojistik &gt; Kazakistan Nakliye","article_publisher":"https:\/\/www.facebook.com\/trendlogcomtr","article_modified_time":"2022-08-24T12:21:14+00:00","twitter_card":"summary_large_image","twitter_misc":{"Tahmini okuma s\u00fcresi":"4 dakika"},"schema":{"@context":"https:\/\/schema.org","@graph":[{"@type":"Organization","@id":"https:\/\/trendlog.com.tr\/en\/#organization","name":"TrendLog Lojistik > Kazakistan Nakliye","url":"https:\/\/trendlog.com.tr\/en\/","sameAs":["https:\/\/www.instagram.com\/trendlog_logistics\/","https:\/\/www.facebook.com\/trendlogcomtr"],"logo":{"@type":"ImageObject","inLanguage":"tr","@id":"https:\/\/trendlog.com.tr\/en\/#\/schema\/logo\/image\/","url":"https:\/\/trendlog.com.tr\/en\/kk\/wp-content\/uploads\/2022\/06\/trendlog-fav.png","contentUrl":"https:\/\/trendlog.com.tr\/en\/kk\/wp-content\/uploads\/2022\/06\/trendlog-fav.png","width":100,"height":100,"caption":"TrendLog Lojistik > Kazakistan Nakliye"},"image":{"@id":"https:\/\/trendlog.com.tr\/en\/#\/schema\/logo\/image\/"}},{"@type":"WebSite","@id":"https:\/\/trendlog.com.tr\/en\/#website","url":"https:\/\/trendlog.com.tr\/en\/","name":"TrendLog Lojistik &gt; Kazakistan Nakliye","description":"Uluslararas\u0131 Ta\u015f\u0131mac\u0131l\u0131k","publisher":{"@id":"https:\/\/trendlog.com.tr\/en\/#organization"},"potentialAction":[{"@type":"SearchAction","target":{"@type":"EntryPoint","urlTemplate":"https:\/\/trendlog.com.tr\/en\/?s={search_term_string}"},"query-input":"required name=search_term_string"}],"inLanguage":"tr"},{"@type":"WebPage","@id":"https:\/\/trendlog.com.tr\/en\/global-network\/#webpage","url":"https:\/\/trendlog.com.tr\/en\/global-network\/","name":"Global Network - TrendLog Lojistik &gt; Kazakistan Nakliye","isPartOf":{"@id":"https:\/\/trendlog.com.tr\/en\/#website"},"datePublished":"2021-11-25T22:45:19+00:00","dateModified":"2022-08-24T12:21:14+00:00","breadcrumb":{"@id":"https:\/\/trendlog.com.tr\/en\/global-network\/#breadcrumb"},"inLanguage":"tr","potentialAction":[{"@type":"ReadAction","target":["https:\/\/trendlog.com.tr\/en\/global-network\/"]}]},{"@type":"BreadcrumbList","@id":"https:\/\/trendlog.com.tr\/en\/global-network\/#breadcrumb","itemListElement":[{"@type":"ListItem","position":1,"name":"Anasayfa","item":"https:\/\/trendlog.com.tr\/en\/"},{"@type":"ListItem","position":2,"name":"Global Network"}]}]}},"_links":{"self":[{"href":"https:\/\/trendlog.com.tr\/en\/wp-json\/wp\/v2\/pages\/7041"}],"collection":[{"href":"https:\/\/trendlog.com.tr\/en\/wp-json\/wp\/v2\/pages"}],"about":[{"href":"https:\/\/trendlog.com.tr\/en\/wp-json\/wp\/v2\/types\/page"}],"author":[{"embeddable":true,"href":"https:\/\/trendlog.com.tr\/en\/wp-json\/wp\/v2\/users\/1"}],"replies":[{"embeddable":true,"href":"https:\/\/trendlog.com.tr\/en\/wp-json\/wp\/v2\/comments?post=7041"}],"version-history":[{"count":20,"href":"https:\/\/trendlog.com.tr\/en\/wp-json\/wp\/v2\/pages\/7041\/revisions"}],"predecessor-version":[{"id":7598,"href":"https:\/\/trendlog.com.tr\/en\/wp-json\/wp\/v2\/pages\/7041\/revisions\/7598"}],"wp:attachment":[{"href":"https:\/\/trendlog.com.tr\/en\/wp-json\/wp\/v2\/media?parent=7041"}],"curies":[{"name":"wp","href":"https:\/\/api.w.org\/{rel}","templated":true}]}}