{"id":7195,"date":"2022-01-28T09:40:25","date_gmt":"2022-01-28T09:40:25","guid":{"rendered":"https:\/\/monalogistics.com\/2022\/?page_id=7195"},"modified":"2022-08-23T13:16:42","modified_gmt":"2022-08-23T13:16:42","slug":"truck-types","status":"publish","type":"page","link":"https:\/\/trendlog.com.tr\/en\/truck-types\/","title":{"rendered":"Truck Types"},"content":{"rendered":"[vc_row type=&#8221;full_width_background&#8221; full_screen_row_position=&#8221;middle&#8221; scene_position=&#8221;center&#8221; text_color=&#8221;dark&#8221; text_align=&#8221;left&#8221; top_padding=&#8221;50&#8243; bottom_padding=&#8221;50&#8243; overlay_strength=&#8221;0.3&#8243; shape_divider_position=&#8221;bottom&#8221; bg_image_animation=&#8221;none&#8221; shape_type=&#8221;&#8221;][vc_column column_padding=&#8221;no-extra-padding&#8221; column_padding_position=&#8221;all&#8221; background_color_opacity=&#8221;1&#8243; background_hover_color_opacity=&#8221;1&#8243; font_color=&#8221;#000000&#8243; column_link_target=&#8221;_self&#8221; column_shadow=&#8221;none&#8221; column_border_radius=&#8221;none&#8221; width=&#8221;1\/1&#8243; tablet_width_inherit=&#8221;default&#8221; tablet_text_alignment=&#8221;default&#8221; phone_text_alignment=&#8221;default&#8221; column_border_width=&#8221;none&#8221; column_border_style=&#8221;solid&#8221; bg_image_animation=&#8221;none&#8221;][vc_column_text]\n<h2><b><strong>ULUSLARARASI KARAYOLU TA\u015eIMACILI\u011eINDA KULLANILAN ARA\u00c7 T\u0130PLER\u0130<\/strong><\/b><\/h2>\n<p><b><strong><br \/>\n<\/strong><\/b><b><strong>YURTDI\u015eI TA\u015eIMA \u0130\u00c7\u0130N KULLANILAN TIR T\u0130PLER\u0130 VE \u00d6L\u00c7\u00dcLER\u0130<\/strong><\/b><br \/>\n<b><strong>L \u00a0( Length ) : Uzunluk<br \/>\nW ( Width ) \u00a0: Geni\u015flik<br \/>\nH \u00a0( Height ) : Y\u00fckseklik<br \/>\nm3\u00a0( metrek\u00fcp )\u00a0: Toplam Hacim<\/strong><\/b><br \/>\n<b><strong><br \/>\n<\/strong><\/b><b><\/b><\/p>\n<table>\n<tbody>\n<tr>\n<td><strong>Ara\u00e7 Tipi<\/strong><\/td>\n<td><strong>L<\/strong><\/p>\n<p><strong>metre<\/strong><\/td>\n<td><strong>W<\/strong><\/p>\n<p><strong>metre<\/strong><\/td>\n<td><strong>H<\/strong><\/p>\n<p><strong>metre<\/strong><\/td>\n<td><b><strong>Hacim<\/strong><\/b><br \/>\n<b><strong><br \/>\n<\/strong><\/b><strong>m3<\/strong><\/td>\n<td><\/td>\n<\/tr>\n<tr>\n<td rowspan=\"2\">Tenteli TIR<\/td>\n<td>13.60<\/td>\n<td>2.42<\/td>\n<td>2.40<\/td>\n<td>79<\/td>\n<td rowspan=\"2\"><img loading=\"lazy\" class=\"alignnone size-full wp-image-7375\" src=\"https:\/\/trendlog.com.tr\/en\/kk\/wp-content\/uploads\/2022\/06\/tenteli_tir.jpg\" alt=\"\" width=\"260\" height=\"75\" \/><\/td>\n<\/tr>\n<tr>\n<td>13.60<\/td>\n<td>2.42<\/td>\n<td>2.60<\/td>\n<td>86<\/td>\n<\/tr>\n<tr>\n<td rowspan=\"4\">Jumbo TIR<\/td>\n<td>3.10<\/td>\n<td>2.42<\/td>\n<td>2.55<\/td>\n<td>79<\/td>\n<td rowspan=\"4\"><img loading=\"lazy\" class=\"alignnone size-full wp-image-7376\" src=\"https:\/\/trendlog.com.tr\/en\/kk\/wp-content\/uploads\/2022\/06\/Jumbo_tir.jpg\" alt=\"\" width=\"268\" height=\"77\" \/><\/td>\n<\/tr>\n<tr>\n<td>9.10<\/td>\n<td>2.42<\/td>\n<td>2.75<\/td>\n<td>79<\/td>\n<\/tr>\n<tr>\n<td>3.50<\/td>\n<td>2.42<\/td>\n<td>2.45<\/td>\n<td>83<\/td>\n<\/tr>\n<tr>\n<td>8.70<\/td>\n<td>2.42<\/td>\n<td>2.95<\/td>\n<td>83<\/td>\n<\/tr>\n<tr>\n<td rowspan=\"2\">Treylerli normal TIR(optima)<\/td>\n<td>6.20<\/td>\n<td>2.42<\/td>\n<td>2.50<\/td>\n<td>87<\/td>\n<td rowspan=\"2\"><img loading=\"lazy\" class=\"alignnone size-full wp-image-7377\" src=\"https:\/\/trendlog.com.tr\/en\/kk\/wp-content\/uploads\/2022\/06\/treylerli_normal_tir.jpg\" alt=\"\" width=\"268\" height=\"77\" \/><\/td>\n<\/tr>\n<tr>\n<td>8.30<\/td>\n<td>2.42<\/td>\n<td>2.50<\/td>\n<td>87<\/td>\n<\/tr>\n<tr>\n<td rowspan=\"2\">Treylerli Jumbo TIR<\/td>\n<td>7.80<\/td>\n<td>2.44<\/td>\n<td>2.85<\/td>\n<td>110<\/td>\n<td rowspan=\"2\"><img loading=\"lazy\" class=\"alignnone size-full wp-image-7378\" src=\"https:\/\/trendlog.com.tr\/en\/kk\/wp-content\/uploads\/2022\/06\/treylerli_jumbo.jpg\" alt=\"\" width=\"262\" height=\"76\" \/><\/td>\n<\/tr>\n<tr>\n<td>8.10<\/td>\n<td>2.44<\/td>\n<td>2.85<\/td>\n<td>110<\/td>\n<\/tr>\n<tr>\n<td>Normal A\u00e7\u0131k TIR<\/td>\n<td>upto 18<\/td>\n<td>2.44<\/td>\n<td>&#8211;<\/td>\n<td>&#8211;<\/td>\n<td><img loading=\"lazy\" class=\"alignnone size-full wp-image-7379\" src=\"https:\/\/trendlog.com.tr\/en\/kk\/wp-content\/uploads\/2022\/06\/Acik_tir.jpg\" alt=\"\" width=\"262\" height=\"76\" \/><\/td>\n<\/tr>\n<tr>\n<td>Damperli TIR<\/td>\n<td>&#8211;<\/td>\n<td>&#8211;<\/td>\n<td>&#8211;<\/td>\n<td>upto 25<\/td>\n<td><img loading=\"lazy\" class=\"alignnone size-full wp-image-7380\" src=\"https:\/\/trendlog.com.tr\/en\/kk\/wp-content\/uploads\/2022\/06\/damperli_tir.jpg\" alt=\"\" width=\"210\" height=\"61\" \/><\/td>\n<\/tr>\n<tr>\n<td>Jumbo A\u00e7\u0131k TIR<\/td>\n<td>upto 18<\/td>\n<td>2.44<\/td>\n<td>&#8211;<\/td>\n<td>&#8211;<\/td>\n<td><img loading=\"lazy\" class=\"alignnone size-full wp-image-7381\" src=\"https:\/\/trendlog.com.tr\/en\/kk\/wp-content\/uploads\/2022\/06\/acik_jumbo_tir.jpg\" alt=\"\" width=\"240\" height=\"69\" \/><\/td>\n<\/tr>\n<tr>\n<td>Lowbed TIR<\/td>\n<td>&#8211;<\/td>\n<td>&#8211;<\/td>\n<td>&#8211;<\/td>\n<td>&#8211;<\/td>\n<td><img loading=\"lazy\" class=\"alignnone size-full wp-image-7374\" src=\"https:\/\/trendlog.com.tr\/en\/kk\/wp-content\/uploads\/2022\/06\/lowbed_tir.jpg\" alt=\"\" width=\"246\" height=\"71\" \/><\/td>\n<\/tr>\n<\/tbody>\n<\/table>\n<p>Uluslararas\u0131 ta\u015f\u0131ma yapabilmek i\u00e7in Ula\u015ft\u0131rma Bakanl\u0131\u011f\u0131n\u0131n istemi\u015f oldu\u011fu (C1) ve (C2) t\u00fcr\u00fc yetki belgesi sahibi olan nakliye firmalar\u0131n\u0131n yapacaklar\u0131 ta\u015f\u0131malarda, ta\u015f\u0131nan e\u015fyan\u0131n miktar\u0131, cinsi, ta\u015f\u0131ma s\u00fcresi ve mesafesi dikkate al\u0131narak ta\u015f\u0131tlar\u0131n ta\u015f\u0131ma s\u0131n\u0131rlar\u0131 ticaret yap\u0131lan \u00fclkelerdeki ta\u015f\u0131ma s\u0131n\u0131rlar\u0131 da dikkate al\u0131narak Ula\u015ft\u0131rma Bakanl\u0131\u011f\u0131nca belirlenir.<\/p>\n<p>17.02.1995 tarih ve 95\/65976 say\u0131l\u0131 karar\u0131na g\u00f6re Avrupa\u2019ya y\u00f6nelik olmayan yurt d\u0131\u015f\u0131 ta\u015f\u0131malar\u0131nda kullan\u0131lacak ta\u015f\u0131tlarda ya\u015f s\u0131n\u0131r\u0131 aranmamaktad\u0131r. Uluslararas\u0131 ta\u015f\u0131madaki bu k\u0131s\u0131tlamalar T\u00fcrkiye a\u00e7\u0131s\u0131ndan Avrupa Birli\u011fi\u2019ne ve di\u011fer Avrupa \u00fclkelerine transit ge\u00e7i\u015f yapabilmek i\u00e7in minimum standartlar\u0131 olu\u015fturur.<\/p>\n<h3><b><strong>Karayolu Ta\u015f\u0131mac\u0131l\u0131\u011f\u0131nda Kullan\u0131lan Ara\u00e7 Tipleri<\/strong><\/b><\/h3>\n<p>\u00c7ekici, treyler, kamyon, tanker, r\u00f6mork ve yar\u0131 r\u00f6mork olarak adland\u0131r\u0131lan karayolu ta\u015f\u0131ma ara\u00e7lar\u0131d\u0131r, yurti\u00e7i ve yurtd\u0131\u015f\u0131 y\u00fck ta\u015f\u0131ma amac\u0131yla kullan\u0131lmaktad\u0131rlar.<\/p>\n<p><b><strong>Treyler:<\/strong><\/b>\u00a0bir kamyon taraf\u0131ndan \u00e7ekilen ve ta\u015f\u0131yaca\u011f\u0131 y\u00fck\u00fcn \u00f6zelliklerine g\u00f6re imal edilen, en az bir dingilli ve \u00e7ekildi\u011fi kamyona \u00e7eki oku, d\u00f6ner tabla veya kanca gibi bir ba\u011flant\u0131 mod\u00fcl\u00fc ile ba\u011flanan, y\u00fck ta\u015f\u0131ma ama\u00e7l\u0131 kara yolu ta\u015f\u0131t\u0131d\u0131r.<\/p>\n<p><u>En \u00e7ok kullan\u0131lan treyler \u00e7e\u015fitleri:<\/u><\/p>\n<ul>\n<li>Semi treyler<\/li>\n<li>Optima treyler<\/li>\n<li>Jumbo treyler<\/li>\n<\/ul>\n<p><b><strong>Tenteli treyler:\u00a0<\/strong><\/b>Treyleri \u00e7evreleyen tenteler tek tek \u00e7\u0131kar\u0131labildi\u011fi i\u00e7in, araca her y\u00f6nden y\u00fckleme yapmak m\u00fcmk\u00fcnd\u00fcr. \u00d6zellikle Uzun \u00fcr\u00fcnlerin y\u00fcklenip indirilebilmesi i\u00e7in uygun olmakta birlikte her t\u00fcrl\u00fc kuru y\u00fck ta\u015f\u0131mac\u0131l\u0131\u011f\u0131na uygundur.<\/p>\n<p><u>En \u00e7ok kullan\u0131lan tenteli treyler \u00e7e\u015fitleri:<\/u><\/p>\n<ul>\n<li>Standart Tenteli treyler<\/li>\n<li>Kayar Perde Tenteli treyler<\/li>\n<li>\u00c7at\u0131l\u0131 Tenteli treyler<\/li>\n<\/ul>\n<p><b><strong>Semi Treyler:\u00a0<\/strong><\/b>Bir motora sahip \u00e7ekici ara\u00e7 taraf\u0131ndan \u00e7ekilen ve ta\u015f\u0131yaca\u011f\u0131 y\u00fck\u00fcn \u00f6zelliklerine g\u00f6re imal edilen en az bir dingilli ve \u00e7ekildi\u011fi araca ba\u011flanan y\u00fck ta\u015f\u0131ma ama\u00e7l\u0131 kara yolu ta\u015f\u0131t\u0131d\u0131r.<\/p>\n<p><u>En \u00e7ok kullan\u0131lan semi treyler \u00e7e\u015fitleri<\/u><\/p>\n<ul>\n<li>Damper \u015fasi semi treyler<\/li>\n<li>Frigofrik semi treyler<\/li>\n<li>Maksima semi treyler<\/li>\n<\/ul>\n<p><b><strong>Tankerler:\u00a0<\/strong><\/b>\u00d6zellikle tehlikeli madde yani yak\u0131t ta\u015f\u0131mac\u0131l\u0131\u011f\u0131nda kullan\u0131lmakla birlikte, s\u0131v\u0131 ve gaz halindeki her t\u00fcrl\u00fc y\u00fck ta\u015f\u0131mac\u0131l\u0131\u011f\u0131 i\u00e7in uygundur. Standart bir ebad\u0131 yoktur, genellikle sekt\u00f6rel beklentiler ve m\u00fc\u015fterilerin sipari\u015flerine g\u00f6re \u00fcretilir.<\/p>\n<p><b><strong>Konteyner ta\u015f\u0131y\u0131c\u0131lar:<\/strong><\/b>\u00a0Konteyner ta\u015f\u0131mak i\u00e7in \u00fcretilen bu 20\u2019, 30\u2019, 40\u2019l\u0131k ve uzun tip platformda da 45\u2019lik konteyner ta\u015f\u0131yabilir. Konteyner ta\u015f\u0131mac\u0131l\u0131\u011f\u0131nda dingiller, \u015fasinin mukavemeti ve kilitler \u00e7ok \u00f6nemlidir.<\/p>\n<p><u>En \u00e7ok kullan\u0131lan Konteyner ta\u015f\u0131y\u0131c\u0131 \u00e7e\u015fitleri<\/u><\/p>\n<ul>\n<li>Platform tip Konteyner ta\u015f\u0131y\u0131c\u0131lar<\/li>\n<li>Uzun platform tip Konteyner ta\u015f\u0131y\u0131c\u0131lar<\/li>\n<li>K\u0131l\u00e7\u0131k tip platform Konteyner ta\u015f\u0131y\u0131c\u0131lar<\/li>\n<\/ul>\n<h3><b><strong>Kara yolu ta\u015f\u0131mac\u0131l\u0131\u011f\u0131nda y\u00fckler \u00fc\u00e7 farkl\u0131 \u015fekilde s\u0131n\u0131fland\u0131r\u0131l\u0131r:<\/strong><\/b><\/h3>\n<h3><b><\/b><b><strong>1 &#8211; Niteliklerine g\u00f6re y\u00fckler<\/strong><\/b><\/h3>\n<p><b><strong>1a. Genel Y\u00fckler:<\/strong><\/b>\u00a0\u00d6zel bir hizmet veya depolama gerektirmeyen, tehlikeli madde, bozulabilir g\u0131da veya canl\u0131 hayvan s\u0131n\u0131f\u0131na girmeyen kuru ve temiz g\u00f6nderiye \u201cGenel Y\u00fck\u201d denir.<\/p>\n<p><b><strong>1b. \u00d6zellik Ta\u015f\u0131yan Y\u00fckler:<\/strong><\/b>\u00a0Kara yolu ta\u015f\u0131mac\u0131l\u0131\u011f\u0131nda baz\u0131 y\u00fcklerin ta\u015f\u0131nmas\u0131 \u00f6zellik arz etmektedir. Bu \u00fcr\u00fcnlerin ara\u00e7lara y\u00fcklenmesi, ta\u015f\u0131nmas\u0131 ve bo\u015falt\u0131lmas\u0131 di\u011fer s\u0131radan y\u00fck ta\u015f\u0131nmas\u0131na g\u00f6re bir tak\u0131m ilave \u00f6zellikleri gerektirmektedir<\/p>\n<p>Uluslararas\u0131 kara yolu e\u015fya ta\u015f\u0131mac\u0131l\u0131\u011f\u0131nda \u00f6zellik ta\u015f\u0131yan y\u00fckler \u015funlard\u0131r:<\/p>\n<ul>\n<li>Bozulabilir g\u0131da maddeleri<\/li>\n<li>Tehlikeli maddeler<\/li>\n<li>Canl\u0131 hayvanlar<\/li>\n<\/ul>\n<p><b><strong><br \/>\n<\/strong><\/b><b><strong>2- Ara\u00e7 Kapasitesine G\u00f6re Y\u00fckler<\/strong><\/b><\/p>\n<p>\u0130hracat ya da ithalat y\u00fck\u00fc, komple bir arac\u0131 dolduruyorsa, bu ara\u00e7 sadece 1 firman\u0131n y\u00fck\u00fcn\u00fc ta\u015f\u0131yacak \u015fekilde y\u00fcklenir. E\u011fer y\u00fck miktar\u0131 ara\u00e7 doldurmaya yetmiyorsa grupaj yani parsiyel y\u00fckleme yap\u0131l\u0131r. Parsiyel y\u00fck, geni\u015f hacimli bir y\u00fck ise ara\u00e7ta kaplad\u0131\u011f\u0131 yere g\u00f6re fiyatland\u0131r\u0131l\u0131r. Y\u00fck hacimsel olarak k\u00fc\u00e7\u00fck fakat a\u011f\u0131r bir y\u00fck ise, arac\u0131n toplam y\u00fck ta\u015f\u0131ma kapasitesi de s\u0131n\u0131rl\u0131 oldu\u011fundan bu kez a\u011f\u0131rl\u0131\u011f\u0131na g\u00f6re fiyatland\u0131r\u0131l\u0131r. (www.ihracat.co)<\/p>\n<ul>\n<li>Tam kamyon y\u00fck\u00fc (full track loading &#8211; FTL)<\/li>\n<li>Parsiyel (grupaj) y\u00fckler (less than track loading \u2013 LTL )<\/li>\n<\/ul>\n<p><b><strong><br \/>\n<\/strong><\/b><b><strong>3- Teslim Yerine G\u00f6re Y\u00fckler<\/strong><\/b><\/p>\n<ul>\n<li>Tek y\u00fckleme ve tek teslim adresi olan y\u00fckler<\/li>\n<li>Birden fazla teslim adresi bulunan y\u00fckler<\/li>\n<\/ul>\n[\/vc_column_text][\/vc_column][\/vc_row][vc_row type=&#8221;full_width_background&#8221; full_screen_row_position=&#8221;middle&#8221; bg_image=&#8221;7439&#8243; bg_position=&#8221;right bottom&#8221; bg_repeat=&#8221;no-repeat&#8221; scene_position=&#8221;center&#8221; text_color=&#8221;dark&#8221; text_align=&#8221;left&#8221; top_padding=&#8221;13%&#8221; bottom_padding=&#8221;9%&#8221; overlay_strength=&#8221;1&#8243; shape_divider_position=&#8221;top&#8221; shape_divider_height=&#8221;250&#8243; bg_image_animation=&#8221;fade-in&#8221; shape_type=&#8221;fan&#8221;][vc_column centered_text=&#8221;true&#8221; column_padding=&#8221;no-extra-padding&#8221; column_padding_position=&#8221;all&#8221; background_color_opacity=&#8221;1&#8243; background_hover_color_opacity=&#8221;1&#8243; column_link_target=&#8221;_self&#8221; column_shadow=&#8221;none&#8221; column_border_radius=&#8221;none&#8221; width=&#8221;1\/6&#8243; tablet_width_inherit=&#8221;default&#8221; tablet_text_alignment=&#8221;default&#8221; phone_text_alignment=&#8221;default&#8221; column_border_width=&#8221;none&#8221; column_border_style=&#8221;solid&#8221; bg_image_animation=&#8221;none&#8221;][\/vc_column][vc_column centered_text=&#8221;true&#8221; column_padding=&#8221;no-extra-padding&#8221; column_padding_position=&#8221;all&#8221; background_color_opacity=&#8221;1&#8243; background_hover_color_opacity=&#8221;1&#8243; column_link_target=&#8221;_self&#8221; column_shadow=&#8221;none&#8221; column_border_radius=&#8221;none&#8221; width=&#8221;2\/3&#8243; tablet_width_inherit=&#8221;default&#8221; tablet_text_alignment=&#8221;default&#8221; phone_text_alignment=&#8221;default&#8221; column_border_width=&#8221;none&#8221; column_border_style=&#8221;solid&#8221; bg_image_animation=&#8221;none&#8221;][vc_row_inner column_margin=&#8221;default&#8221; text_align=&#8221;left&#8221;][vc_column_inner column_padding=&#8221;no-extra-padding&#8221; column_padding_position=&#8221;all&#8221; centered_text=&#8221;true&#8221; background_color_opacity=&#8221;1&#8243; background_hover_color_opacity=&#8221;1&#8243; font_color=&#8221;#414142&#8243; column_shadow=&#8221;none&#8221; column_border_radius=&#8221;none&#8221; column_link_target=&#8221;_self&#8221; width=&#8221;1\/1&#8243; tablet_width_inherit=&#8221;default&#8221; column_border_width=&#8221;none&#8221; column_border_style=&#8221;solid&#8221; bg_image_animation=&#8221;none&#8221; enable_animation=&#8221;true&#8221; animation=&#8221;fade-in-from-bottom&#8221;][vc_column_text]\n<h2>We are reducing distances,<br \/>\nsaving time.<\/h2>\n<p>info@trendlog.com.tr[\/vc_column_text][\/vc_column_inner][\/vc_row_inner][vc_row_inner column_margin=&#8221;default&#8221; text_align=&#8221;left&#8221;][vc_column_inner column_padding=&#8221;no-extra-padding&#8221; column_padding_position=&#8221;all&#8221; background_color_opacity=&#8221;1&#8243; background_hover_color_opacity=&#8221;1&#8243; column_shadow=&#8221;none&#8221; column_border_radius=&#8221;none&#8221; column_link_target=&#8221;_self&#8221; width=&#8221;1\/1&#8243; tablet_width_inherit=&#8221;default&#8221; column_border_width=&#8221;none&#8221; column_border_style=&#8221;solid&#8221; bg_image_animation=&#8221;none&#8221; enable_animation=&#8221;true&#8221; animation=&#8221;fade-in-from-bottom&#8221; delay=&#8221;100&#8243;][image_with_animation image_url=&#8221;7406&#8243; alignment=&#8221;center&#8221; animation=&#8221;Fade In&#8221; border_radius=&#8221;none&#8221; box_shadow=&#8221;none&#8221; max_width=&#8221;100%&#8221;][\/vc_column_inner][\/vc_row_inner][\/vc_column][vc_column column_padding=&#8221;no-extra-padding&#8221; column_padding_position=&#8221;all&#8221; background_color_opacity=&#8221;1&#8243; background_hover_color_opacity=&#8221;1&#8243; column_link_target=&#8221;_self&#8221; column_shadow=&#8221;none&#8221; column_border_radius=&#8221;none&#8221; width=&#8221;1\/6&#8243; tablet_width_inherit=&#8221;default&#8221; tablet_text_alignment=&#8221;default&#8221; phone_text_alignment=&#8221;default&#8221; column_border_width=&#8221;none&#8221; column_border_style=&#8221;solid&#8221; bg_image_animation=&#8221;none&#8221;][\/vc_column][\/vc_row]\n","protected":false},"excerpt":{"rendered":"<p>[vc_row type=&#8221;full_width_background&#8221; full_screen_row_position=&#8221;middle&#8221; scene_position=&#8221;center&#8221; text_color=&#8221;dark&#8221; text_align=&#8221;left&#8221; top_padding=&#8221;50&#8243; bottom_padding=&#8221;50&#8243; overlay_strength=&#8221;0.3&#8243; shape_divider_position=&#8221;bottom&#8221; bg_image_animation=&#8221;none&#8221; shape_type=&#8221;&#8221;][vc_column column_padding=&#8221;no-extra-padding&#8221; column_padding_position=&#8221;all&#8221; background_color_opacity=&#8221;1&#8243; background_hover_color_opacity=&#8221;1&#8243; font_color=&#8221;#000000&#8243; column_link_target=&#8221;_self&#8221; column_shadow=&#8221;none&#8221; column_border_radius=&#8221;none&#8221; width=&#8221;1\/1&#8243; tablet_width_inherit=&#8221;default&#8221; tablet_text_alignment=&#8221;default&#8221; phone_text_alignment=&#8221;default&#8221; column_border_width=&#8221;none&#8221;&#8230;<\/p>\n","protected":false},"author":1,"featured_media":0,"parent":0,"menu_order":0,"comment_status":"closed","ping_status":"closed","template":"","meta":[],"yoast_head":"\n<title>Truck Types - TrendLog Lojistik &gt; Kazakistan Nakliye<\/title>\n<meta name=\"robots\" content=\"noindex, follow, max-snippet:-1, max-image-preview:large, max-video-preview:-1\" \/>\n<meta property=\"og:locale\" content=\"tr_TR\" \/>\n<meta property=\"og:type\" content=\"article\" \/>\n<meta property=\"og:title\" content=\"Truck Types - TrendLog Lojistik &gt; Kazakistan Nakliye\" \/>\n<meta property=\"og:description\" content=\"[vc_row type=&#8221;full_width_background&#8221; full_screen_row_position=&#8221;middle&#8221; scene_position=&#8221;center&#8221; text_color=&#8221;dark&#8221; text_align=&#8221;left&#8221; top_padding=&#8221;50&#8243; bottom_padding=&#8221;50&#8243; overlay_strength=&#8221;0.3&#8243; shape_divider_position=&#8221;bottom&#8221; bg_image_animation=&#8221;none&#8221; shape_type=&#8221;&#8221;][vc_column column_padding=&#8221;no-extra-padding&#8221; column_padding_position=&#8221;all&#8221; background_color_opacity=&#8221;1&#8243; background_hover_color_opacity=&#8221;1&#8243; font_color=&#8221;#000000&#8243; column_link_target=&#8221;_self&#8221; column_shadow=&#8221;none&#8221; column_border_radius=&#8221;none&#8221; width=&#8221;1\/1&#8243; tablet_width_inherit=&#8221;default&#8221; tablet_text_alignment=&#8221;default&#8221; phone_text_alignment=&#8221;default&#8221; column_border_width=&#8221;none&#8221;...\" \/>\n<meta property=\"og:url\" content=\"https:\/\/trendlog.com.tr\/en\/truck-types\/\" \/>\n<meta property=\"og:site_name\" content=\"TrendLog Lojistik &gt; Kazakistan Nakliye\" \/>\n<meta property=\"article:publisher\" content=\"https:\/\/www.facebook.com\/trendlogcomtr\" \/>\n<meta property=\"article:modified_time\" content=\"2022-08-23T13:16:42+00:00\" \/>\n<meta property=\"og:image\" content=\"https:\/\/trendlog.com.tr\/en\/kk\/wp-content\/uploads\/2022\/06\/tenteli_tir.jpg\" \/>\n<meta name=\"twitter:card\" content=\"summary_large_image\" \/>\n<meta name=\"twitter:label1\" content=\"Tahmini okuma s\u00fcresi\" \/>\n\t<meta name=\"twitter:data1\" content=\"7 dakika\" \/>\n<script type=\"application\/ld+json\" class=\"yoast-schema-graph\">{\"@context\":\"https:\/\/schema.org\",\"@graph\":[{\"@type\":\"Organization\",\"@id\":\"https:\/\/trendlog.com.tr\/en\/#organization\",\"name\":\"TrendLog Lojistik > Kazakistan Nakliye\",\"url\":\"https:\/\/trendlog.com.tr\/en\/\",\"sameAs\":[\"https:\/\/www.instagram.com\/trendlog_logistics\/\",\"https:\/\/www.facebook.com\/trendlogcomtr\"],\"logo\":{\"@type\":\"ImageObject\",\"inLanguage\":\"tr\",\"@id\":\"https:\/\/trendlog.com.tr\/en\/#\/schema\/logo\/image\/\",\"url\":\"https:\/\/trendlog.com.tr\/en\/kk\/wp-content\/uploads\/2022\/06\/trendlog-fav.png\",\"contentUrl\":\"https:\/\/trendlog.com.tr\/en\/kk\/wp-content\/uploads\/2022\/06\/trendlog-fav.png\",\"width\":100,\"height\":100,\"caption\":\"TrendLog Lojistik > Kazakistan Nakliye\"},\"image\":{\"@id\":\"https:\/\/trendlog.com.tr\/en\/#\/schema\/logo\/image\/\"}},{\"@type\":\"WebSite\",\"@id\":\"https:\/\/trendlog.com.tr\/en\/#website\",\"url\":\"https:\/\/trendlog.com.tr\/en\/\",\"name\":\"TrendLog Lojistik &gt; Kazakistan Nakliye\",\"description\":\"Uluslararas\u0131 Ta\u015f\u0131mac\u0131l\u0131k\",\"publisher\":{\"@id\":\"https:\/\/trendlog.com.tr\/en\/#organization\"},\"potentialAction\":[{\"@type\":\"SearchAction\",\"target\":{\"@type\":\"EntryPoint\",\"urlTemplate\":\"https:\/\/trendlog.com.tr\/en\/?s={search_term_string}\"},\"query-input\":\"required name=search_term_string\"}],\"inLanguage\":\"tr\"},{\"@type\":\"ImageObject\",\"inLanguage\":\"tr\",\"@id\":\"https:\/\/trendlog.com.tr\/en\/truck-types\/#primaryimage\",\"url\":\"https:\/\/trendlog.com.tr\/en\/kk\/wp-content\/uploads\/2022\/06\/tenteli_tir.jpg\",\"contentUrl\":\"https:\/\/trendlog.com.tr\/en\/kk\/wp-content\/uploads\/2022\/06\/tenteli_tir.jpg\"},{\"@type\":\"WebPage\",\"@id\":\"https:\/\/trendlog.com.tr\/en\/truck-types\/#webpage\",\"url\":\"https:\/\/trendlog.com.tr\/en\/truck-types\/\",\"name\":\"Truck Types - TrendLog Lojistik &gt; Kazakistan Nakliye\",\"isPartOf\":{\"@id\":\"https:\/\/trendlog.com.tr\/en\/#website\"},\"primaryImageOfPage\":{\"@id\":\"https:\/\/trendlog.com.tr\/en\/truck-types\/#primaryimage\"},\"datePublished\":\"2022-01-28T09:40:25+00:00\",\"dateModified\":\"2022-08-23T13:16:42+00:00\",\"breadcrumb\":{\"@id\":\"https:\/\/trendlog.com.tr\/en\/truck-types\/#breadcrumb\"},\"inLanguage\":\"tr\",\"potentialAction\":[{\"@type\":\"ReadAction\",\"target\":[\"https:\/\/trendlog.com.tr\/en\/truck-types\/\"]}]},{\"@type\":\"BreadcrumbList\",\"@id\":\"https:\/\/trendlog.com.tr\/en\/truck-types\/#breadcrumb\",\"itemListElement\":[{\"@type\":\"ListItem\",\"position\":1,\"name\":\"Anasayfa\",\"item\":\"https:\/\/trendlog.com.tr\/en\/\"},{\"@type\":\"ListItem\",\"position\":2,\"name\":\"Truck Types\"}]}]}<\/script>\n","yoast_head_json":{"title":"Truck Types - TrendLog Lojistik &gt; Kazakistan Nakliye","robots":{"index":"noindex","follow":"follow","max-snippet":"max-snippet:-1","max-image-preview":"max-image-preview:large","max-video-preview":"max-video-preview:-1"},"og_locale":"tr_TR","og_type":"article","og_title":"Truck Types - TrendLog Lojistik &gt; Kazakistan Nakliye","og_description":"[vc_row type=&#8221;full_width_background&#8221; full_screen_row_position=&#8221;middle&#8221; scene_position=&#8221;center&#8221; text_color=&#8221;dark&#8221; text_align=&#8221;left&#8221; top_padding=&#8221;50&#8243; bottom_padding=&#8221;50&#8243; overlay_strength=&#8221;0.3&#8243; shape_divider_position=&#8221;bottom&#8221; bg_image_animation=&#8221;none&#8221; shape_type=&#8221;&#8221;][vc_column column_padding=&#8221;no-extra-padding&#8221; column_padding_position=&#8221;all&#8221; background_color_opacity=&#8221;1&#8243; background_hover_color_opacity=&#8221;1&#8243; font_color=&#8221;#000000&#8243; column_link_target=&#8221;_self&#8221; column_shadow=&#8221;none&#8221; column_border_radius=&#8221;none&#8221; width=&#8221;1\/1&#8243; tablet_width_inherit=&#8221;default&#8221; tablet_text_alignment=&#8221;default&#8221; phone_text_alignment=&#8221;default&#8221; column_border_width=&#8221;none&#8221;...","og_url":"https:\/\/trendlog.com.tr\/en\/truck-types\/","og_site_name":"TrendLog Lojistik &gt; Kazakistan Nakliye","article_publisher":"https:\/\/www.facebook.com\/trendlogcomtr","article_modified_time":"2022-08-23T13:16:42+00:00","og_image":[{"url":"https:\/\/trendlog.com.tr\/en\/kk\/wp-content\/uploads\/2022\/06\/tenteli_tir.jpg"}],"twitter_card":"summary_large_image","twitter_misc":{"Tahmini okuma s\u00fcresi":"7 dakika"},"schema":{"@context":"https:\/\/schema.org","@graph":[{"@type":"Organization","@id":"https:\/\/trendlog.com.tr\/en\/#organization","name":"TrendLog Lojistik > Kazakistan Nakliye","url":"https:\/\/trendlog.com.tr\/en\/","sameAs":["https:\/\/www.instagram.com\/trendlog_logistics\/","https:\/\/www.facebook.com\/trendlogcomtr"],"logo":{"@type":"ImageObject","inLanguage":"tr","@id":"https:\/\/trendlog.com.tr\/en\/#\/schema\/logo\/image\/","url":"https:\/\/trendlog.com.tr\/en\/kk\/wp-content\/uploads\/2022\/06\/trendlog-fav.png","contentUrl":"https:\/\/trendlog.com.tr\/en\/kk\/wp-content\/uploads\/2022\/06\/trendlog-fav.png","width":100,"height":100,"caption":"TrendLog Lojistik > Kazakistan Nakliye"},"image":{"@id":"https:\/\/trendlog.com.tr\/en\/#\/schema\/logo\/image\/"}},{"@type":"WebSite","@id":"https:\/\/trendlog.com.tr\/en\/#website","url":"https:\/\/trendlog.com.tr\/en\/","name":"TrendLog Lojistik &gt; Kazakistan Nakliye","description":"Uluslararas\u0131 Ta\u015f\u0131mac\u0131l\u0131k","publisher":{"@id":"https:\/\/trendlog.com.tr\/en\/#organization"},"potentialAction":[{"@type":"SearchAction","target":{"@type":"EntryPoint","urlTemplate":"https:\/\/trendlog.com.tr\/en\/?s={search_term_string}"},"query-input":"required name=search_term_string"}],"inLanguage":"tr"},{"@type":"ImageObject","inLanguage":"tr","@id":"https:\/\/trendlog.com.tr\/en\/truck-types\/#primaryimage","url":"https:\/\/trendlog.com.tr\/en\/kk\/wp-content\/uploads\/2022\/06\/tenteli_tir.jpg","contentUrl":"https:\/\/trendlog.com.tr\/en\/kk\/wp-content\/uploads\/2022\/06\/tenteli_tir.jpg"},{"@type":"WebPage","@id":"https:\/\/trendlog.com.tr\/en\/truck-types\/#webpage","url":"https:\/\/trendlog.com.tr\/en\/truck-types\/","name":"Truck Types - TrendLog Lojistik &gt; Kazakistan Nakliye","isPartOf":{"@id":"https:\/\/trendlog.com.tr\/en\/#website"},"primaryImageOfPage":{"@id":"https:\/\/trendlog.com.tr\/en\/truck-types\/#primaryimage"},"datePublished":"2022-01-28T09:40:25+00:00","dateModified":"2022-08-23T13:16:42+00:00","breadcrumb":{"@id":"https:\/\/trendlog.com.tr\/en\/truck-types\/#breadcrumb"},"inLanguage":"tr","potentialAction":[{"@type":"ReadAction","target":["https:\/\/trendlog.com.tr\/en\/truck-types\/"]}]},{"@type":"BreadcrumbList","@id":"https:\/\/trendlog.com.tr\/en\/truck-types\/#breadcrumb","itemListElement":[{"@type":"ListItem","position":1,"name":"Anasayfa","item":"https:\/\/trendlog.com.tr\/en\/"},{"@type":"ListItem","position":2,"name":"Truck Types"}]}]}},"_links":{"self":[{"href":"https:\/\/trendlog.com.tr\/en\/wp-json\/wp\/v2\/pages\/7195"}],"collection":[{"href":"https:\/\/trendlog.com.tr\/en\/wp-json\/wp\/v2\/pages"}],"about":[{"href":"https:\/\/trendlog.com.tr\/en\/wp-json\/wp\/v2\/types\/page"}],"author":[{"embeddable":true,"href":"https:\/\/trendlog.com.tr\/en\/wp-json\/wp\/v2\/users\/1"}],"replies":[{"embeddable":true,"href":"https:\/\/trendlog.com.tr\/en\/wp-json\/wp\/v2\/comments?post=7195"}],"version-history":[{"count":10,"href":"https:\/\/trendlog.com.tr\/en\/wp-json\/wp\/v2\/pages\/7195\/revisions"}],"predecessor-version":[{"id":7555,"href":"https:\/\/trendlog.com.tr\/en\/wp-json\/wp\/v2\/pages\/7195\/revisions\/7555"}],"wp:attachment":[{"href":"https:\/\/trendlog.com.tr\/en\/wp-json\/wp\/v2\/media?parent=7195"}],"curies":[{"name":"wp","href":"https:\/\/api.w.org\/{rel}","templated":true}]}}