{"id":7207,"date":"2022-01-28T09:48:16","date_gmt":"2022-01-28T09:48:16","guid":{"rendered":"https:\/\/monalogistics.com\/2022\/?page_id=7207"},"modified":"2022-09-29T11:53:23","modified_gmt":"2022-09-29T11:53:23","slug":"%d1%88nsurance","status":"publish","type":"page","link":"https:\/\/trendlog.com.tr\/en\/%d1%88nsurance\/","title":{"rendered":"Insurance"},"content":{"rendered":"[vc_row type=&#8221;full_width_background&#8221; full_screen_row_position=&#8221;middle&#8221; bg_color=&#8221;#121212&#8243; scene_position=&#8221;center&#8221; text_color=&#8221;light&#8221; text_align=&#8221;left&#8221; top_padding=&#8221;3%&#8221; bottom_padding=&#8221;50&#8243; overlay_strength=&#8221;0.3&#8243; shape_divider_position=&#8221;bottom&#8221; bg_image_animation=&#8221;none&#8221; shape_type=&#8221;&#8221;][vc_column column_padding=&#8221;no-extra-padding&#8221; column_padding_position=&#8221;all&#8221; background_color_opacity=&#8221;1&#8243; background_hover_color_opacity=&#8221;1&#8243; font_color=&#8221;#ffffff&#8221; column_link_target=&#8221;_self&#8221; column_shadow=&#8221;none&#8221; column_border_radius=&#8221;none&#8221; width=&#8221;1\/2&#8243; tablet_width_inherit=&#8221;default&#8221; tablet_text_alignment=&#8221;default&#8221; phone_text_alignment=&#8221;default&#8221; column_border_width=&#8221;none&#8221; column_border_style=&#8221;solid&#8221; bg_image_animation=&#8221;none&#8221;][vc_column_text]\n<h3>Carrier Liability Insurance<\/h3>\n<p><strong>What is CMR Insurance?<\/strong><\/p>\n<p><strong>CMR<\/strong> insurance; This is liability insurance that guarantees the legal liability of transport companies engaged in international road transport for damage that may arise with the goods they undertake to carry, on the terms and within the limits specified in the policy in accordance with the provisions of the CMR Convention. This insurance covers cases where the fault of the carrier is established in accordance with the provisions of the CMR Convention.<\/p>\n<p>International road transporters are responsible for the faults of the people they employ and the intermediaries whose services they use to carry out the transport, while performing their duties. This responsibility begins when the carrier receives cargo for carriage and ends with delivery of cargo to the buyer at the destination.<\/p>\n<p>In <strong>CMR<\/strong> Insurance, the carrier&#8217;s liability to the owner and third parties is quite extensive. Even if there is no damage during the delivery of the goods, the carrier is held responsible for any damage that may occur after delivery. The responsibility of the carriers who have this insurance is undertaken by the insurance company.<\/p>\n<p><strong>CMR<\/strong> insurance includes to the scope of guarantee transpotarions made by the insured with their own transportation certificates and trucks, as well as with their own transportation certificates and other transportation companies or with trucks rented from these companies.<\/p>\n<p>As transportation company <strong>TRENDLOG<\/strong>, we have International Road Transport Carrier Liability Insurance. Our insurance guarantees all transportations we make. In case of request, information about our policy can be shared with relevant person. Regarding this information you can write an e-mail to info@trenlog.com.tr.[\/vc_column_text][\/vc_column][vc_column centered_text=&#8221;true&#8221; column_padding=&#8221;no-extra-padding&#8221; column_padding_position=&#8221;all&#8221; background_color_opacity=&#8221;1&#8243; background_hover_color_opacity=&#8221;1&#8243; column_link_target=&#8221;_self&#8221; column_shadow=&#8221;none&#8221; column_border_radius=&#8221;none&#8221; width=&#8221;1\/2&#8243; tablet_width_inherit=&#8221;default&#8221; tablet_text_alignment=&#8221;default&#8221; phone_text_alignment=&#8221;default&#8221; column_border_width=&#8221;none&#8221; column_border_style=&#8221;solid&#8221; bg_image_animation=&#8221;none&#8221;][image_with_animation image_url=&#8221;7363&#8243; alignment=&#8221;right&#8221; animation=&#8221;Fade In&#8221; border_radius=&#8221;10px&#8221; box_shadow=&#8221;small_depth&#8221; max_width=&#8221;100%&#8221;][\/vc_column][\/vc_row][vc_row type=&#8221;full_width_background&#8221; full_screen_row_position=&#8221;middle&#8221; bg_image=&#8221;7309&#8243; bg_position=&#8221;center center&#8221; bg_repeat=&#8221;no-repeat&#8221; scene_position=&#8221;center&#8221; text_color=&#8221;dark&#8221; text_align=&#8221;left&#8221; top_padding=&#8221;13%&#8221; bottom_padding=&#8221;9%&#8221; overlay_strength=&#8221;1&#8243; shape_divider_position=&#8221;top&#8221; shape_divider_height=&#8221;250&#8243; bg_image_animation=&#8221;fade-in&#8221; shape_type=&#8221;fan&#8221;][vc_column centered_text=&#8221;true&#8221; column_padding=&#8221;no-extra-padding&#8221; column_padding_position=&#8221;all&#8221; background_color_opacity=&#8221;1&#8243; background_hover_color_opacity=&#8221;1&#8243; column_link_target=&#8221;_self&#8221; column_shadow=&#8221;none&#8221; column_border_radius=&#8221;none&#8221; width=&#8221;1\/6&#8243; tablet_width_inherit=&#8221;default&#8221; tablet_text_alignment=&#8221;default&#8221; phone_text_alignment=&#8221;default&#8221; column_border_width=&#8221;none&#8221; column_border_style=&#8221;solid&#8221; bg_image_animation=&#8221;none&#8221;][\/vc_column][vc_column centered_text=&#8221;true&#8221; column_padding=&#8221;no-extra-padding&#8221; column_padding_position=&#8221;all&#8221; background_color_opacity=&#8221;1&#8243; background_hover_color_opacity=&#8221;1&#8243; column_link_target=&#8221;_self&#8221; column_shadow=&#8221;none&#8221; column_border_radius=&#8221;none&#8221; width=&#8221;2\/3&#8243; tablet_width_inherit=&#8221;default&#8221; tablet_text_alignment=&#8221;default&#8221; phone_text_alignment=&#8221;default&#8221; column_border_width=&#8221;none&#8221; column_border_style=&#8221;solid&#8221; bg_image_animation=&#8221;none&#8221;][vc_row_inner column_margin=&#8221;default&#8221; text_align=&#8221;left&#8221;][vc_column_inner column_padding=&#8221;no-extra-padding&#8221; column_padding_position=&#8221;all&#8221; centered_text=&#8221;true&#8221; background_color_opacity=&#8221;1&#8243; background_hover_color_opacity=&#8221;1&#8243; font_color=&#8221;#414142&#8243; column_shadow=&#8221;none&#8221; column_border_radius=&#8221;none&#8221; column_link_target=&#8221;_self&#8221; width=&#8221;1\/1&#8243; tablet_width_inherit=&#8221;default&#8221; column_border_width=&#8221;none&#8221; column_border_style=&#8221;solid&#8221; bg_image_animation=&#8221;none&#8221; enable_animation=&#8221;true&#8221; animation=&#8221;fade-in-from-bottom&#8221;][vc_column_text]\n<h2>We are reducing distances and saving time.<\/h2>\n<p>info@trendlog.com.tr[\/vc_column_text][\/vc_column_inner][\/vc_row_inner][vc_row_inner column_margin=&#8221;default&#8221; text_align=&#8221;left&#8221;][vc_column_inner column_padding=&#8221;no-extra-padding&#8221; column_padding_position=&#8221;all&#8221; background_color_opacity=&#8221;1&#8243; background_hover_color_opacity=&#8221;1&#8243; column_shadow=&#8221;none&#8221; column_border_radius=&#8221;none&#8221; column_link_target=&#8221;_self&#8221; width=&#8221;1\/1&#8243; tablet_width_inherit=&#8221;default&#8221; column_border_width=&#8221;none&#8221; column_border_style=&#8221;solid&#8221; bg_image_animation=&#8221;none&#8221; enable_animation=&#8221;true&#8221; animation=&#8221;fade-in-from-bottom&#8221; delay=&#8221;100&#8243;][image_with_animation image_url=&#8221;7406&#8243; alignment=&#8221;center&#8221; animation=&#8221;Fade In&#8221; border_radius=&#8221;none&#8221; box_shadow=&#8221;none&#8221; max_width=&#8221;100%&#8221;][\/vc_column_inner][\/vc_row_inner][\/vc_column][vc_column column_padding=&#8221;no-extra-padding&#8221; column_padding_position=&#8221;all&#8221; background_color_opacity=&#8221;1&#8243; background_hover_color_opacity=&#8221;1&#8243; column_link_target=&#8221;_self&#8221; column_shadow=&#8221;none&#8221; column_border_radius=&#8221;none&#8221; width=&#8221;1\/6&#8243; tablet_width_inherit=&#8221;default&#8221; tablet_text_alignment=&#8221;default&#8221; phone_text_alignment=&#8221;default&#8221; column_border_width=&#8221;none&#8221; column_border_style=&#8221;solid&#8221; bg_image_animation=&#8221;none&#8221;][\/vc_column][\/vc_row]\n","protected":false},"excerpt":{"rendered":"<p>[vc_row type=&#8221;full_width_background&#8221; full_screen_row_position=&#8221;middle&#8221; bg_color=&#8221;#121212&#8243; scene_position=&#8221;center&#8221; text_color=&#8221;light&#8221; text_align=&#8221;left&#8221; top_padding=&#8221;3%&#8221; bottom_padding=&#8221;50&#8243; overlay_strength=&#8221;0.3&#8243; shape_divider_position=&#8221;bottom&#8221; bg_image_animation=&#8221;none&#8221; shape_type=&#8221;&#8221;][vc_column column_padding=&#8221;no-extra-padding&#8221; column_padding_position=&#8221;all&#8221; background_color_opacity=&#8221;1&#8243; background_hover_color_opacity=&#8221;1&#8243; font_color=&#8221;#ffffff&#8221; column_link_target=&#8221;_self&#8221; column_shadow=&#8221;none&#8221; column_border_radius=&#8221;none&#8221; width=&#8221;1\/2&#8243; tablet_width_inherit=&#8221;default&#8221; tablet_text_alignment=&#8221;default&#8221; phone_text_alignment=&#8221;default&#8221;&#8230;<\/p>\n","protected":false},"author":1,"featured_media":0,"parent":0,"menu_order":0,"comment_status":"closed","ping_status":"closed","template":"","meta":[],"yoast_head":"\n<title>Insurance - TrendLog Lojistik &gt; Kazakistan Nakliye<\/title>\n<meta name=\"robots\" content=\"noindex, follow, max-snippet:-1, max-image-preview:large, max-video-preview:-1\" \/>\n<meta property=\"og:locale\" content=\"tr_TR\" \/>\n<meta property=\"og:type\" content=\"article\" \/>\n<meta property=\"og:title\" content=\"Insurance - TrendLog Lojistik &gt; Kazakistan Nakliye\" \/>\n<meta property=\"og:description\" content=\"[vc_row type=&#8221;full_width_background&#8221; full_screen_row_position=&#8221;middle&#8221; bg_color=&#8221;#121212&#8243; scene_position=&#8221;center&#8221; text_color=&#8221;light&#8221; text_align=&#8221;left&#8221; top_padding=&#8221;3%&#8221; bottom_padding=&#8221;50&#8243; overlay_strength=&#8221;0.3&#8243; shape_divider_position=&#8221;bottom&#8221; bg_image_animation=&#8221;none&#8221; shape_type=&#8221;&#8221;][vc_column column_padding=&#8221;no-extra-padding&#8221; column_padding_position=&#8221;all&#8221; background_color_opacity=&#8221;1&#8243; background_hover_color_opacity=&#8221;1&#8243; font_color=&#8221;#ffffff&#8221; column_link_target=&#8221;_self&#8221; column_shadow=&#8221;none&#8221; column_border_radius=&#8221;none&#8221; width=&#8221;1\/2&#8243; tablet_width_inherit=&#8221;default&#8221; tablet_text_alignment=&#8221;default&#8221; phone_text_alignment=&#8221;default&#8221;...\" \/>\n<meta property=\"og:url\" content=\"https:\/\/trendlog.com.tr\/en\/\u0448nsurance\/\" \/>\n<meta property=\"og:site_name\" content=\"TrendLog Lojistik &gt; Kazakistan Nakliye\" \/>\n<meta property=\"article:publisher\" content=\"https:\/\/www.facebook.com\/trendlogcomtr\" \/>\n<meta property=\"article:modified_time\" content=\"2022-09-29T11:53:23+00:00\" \/>\n<meta name=\"twitter:card\" content=\"summary_large_image\" \/>\n<meta name=\"twitter:label1\" content=\"Tahmini okuma s\u00fcresi\" \/>\n\t<meta name=\"twitter:data1\" content=\"3 dakika\" \/>\n<script type=\"application\/ld+json\" class=\"yoast-schema-graph\">{\"@context\":\"https:\/\/schema.org\",\"@graph\":[{\"@type\":\"Organization\",\"@id\":\"https:\/\/trendlog.com.tr\/en\/#organization\",\"name\":\"TrendLog Lojistik > Kazakistan Nakliye\",\"url\":\"https:\/\/trendlog.com.tr\/en\/\",\"sameAs\":[\"https:\/\/www.instagram.com\/trendlog_logistics\/\",\"https:\/\/www.facebook.com\/trendlogcomtr\"],\"logo\":{\"@type\":\"ImageObject\",\"inLanguage\":\"tr\",\"@id\":\"https:\/\/trendlog.com.tr\/en\/#\/schema\/logo\/image\/\",\"url\":\"https:\/\/trendlog.com.tr\/en\/kk\/wp-content\/uploads\/2022\/06\/trendlog-fav.png\",\"contentUrl\":\"https:\/\/trendlog.com.tr\/en\/kk\/wp-content\/uploads\/2022\/06\/trendlog-fav.png\",\"width\":100,\"height\":100,\"caption\":\"TrendLog Lojistik > Kazakistan Nakliye\"},\"image\":{\"@id\":\"https:\/\/trendlog.com.tr\/en\/#\/schema\/logo\/image\/\"}},{\"@type\":\"WebSite\",\"@id\":\"https:\/\/trendlog.com.tr\/en\/#website\",\"url\":\"https:\/\/trendlog.com.tr\/en\/\",\"name\":\"TrendLog Lojistik &gt; Kazakistan Nakliye\",\"description\":\"Uluslararas\u0131 Ta\u015f\u0131mac\u0131l\u0131k\",\"publisher\":{\"@id\":\"https:\/\/trendlog.com.tr\/en\/#organization\"},\"potentialAction\":[{\"@type\":\"SearchAction\",\"target\":{\"@type\":\"EntryPoint\",\"urlTemplate\":\"https:\/\/trendlog.com.tr\/en\/?s={search_term_string}\"},\"query-input\":\"required name=search_term_string\"}],\"inLanguage\":\"tr\"},{\"@type\":\"WebPage\",\"@id\":\"https:\/\/trendlog.com.tr\/en\/%d1%88nsurance\/#webpage\",\"url\":\"https:\/\/trendlog.com.tr\/en\/%d1%88nsurance\/\",\"name\":\"Insurance - TrendLog Lojistik &gt; Kazakistan Nakliye\",\"isPartOf\":{\"@id\":\"https:\/\/trendlog.com.tr\/en\/#website\"},\"datePublished\":\"2022-01-28T09:48:16+00:00\",\"dateModified\":\"2022-09-29T11:53:23+00:00\",\"breadcrumb\":{\"@id\":\"https:\/\/trendlog.com.tr\/en\/%d1%88nsurance\/#breadcrumb\"},\"inLanguage\":\"tr\",\"potentialAction\":[{\"@type\":\"ReadAction\",\"target\":[\"https:\/\/trendlog.com.tr\/en\/%d1%88nsurance\/\"]}]},{\"@type\":\"BreadcrumbList\",\"@id\":\"https:\/\/trendlog.com.tr\/en\/%d1%88nsurance\/#breadcrumb\",\"itemListElement\":[{\"@type\":\"ListItem\",\"position\":1,\"name\":\"Anasayfa\",\"item\":\"https:\/\/trendlog.com.tr\/en\/\"},{\"@type\":\"ListItem\",\"position\":2,\"name\":\"Insurance\"}]}]}<\/script>\n","yoast_head_json":{"title":"Insurance - TrendLog Lojistik &gt; Kazakistan Nakliye","robots":{"index":"noindex","follow":"follow","max-snippet":"max-snippet:-1","max-image-preview":"max-image-preview:large","max-video-preview":"max-video-preview:-1"},"og_locale":"tr_TR","og_type":"article","og_title":"Insurance - TrendLog Lojistik &gt; Kazakistan Nakliye","og_description":"[vc_row type=&#8221;full_width_background&#8221; full_screen_row_position=&#8221;middle&#8221; bg_color=&#8221;#121212&#8243; scene_position=&#8221;center&#8221; text_color=&#8221;light&#8221; text_align=&#8221;left&#8221; top_padding=&#8221;3%&#8221; bottom_padding=&#8221;50&#8243; overlay_strength=&#8221;0.3&#8243; shape_divider_position=&#8221;bottom&#8221; bg_image_animation=&#8221;none&#8221; shape_type=&#8221;&#8221;][vc_column column_padding=&#8221;no-extra-padding&#8221; column_padding_position=&#8221;all&#8221; background_color_opacity=&#8221;1&#8243; background_hover_color_opacity=&#8221;1&#8243; font_color=&#8221;#ffffff&#8221; column_link_target=&#8221;_self&#8221; column_shadow=&#8221;none&#8221; column_border_radius=&#8221;none&#8221; width=&#8221;1\/2&#8243; tablet_width_inherit=&#8221;default&#8221; tablet_text_alignment=&#8221;default&#8221; phone_text_alignment=&#8221;default&#8221;...","og_url":"https:\/\/trendlog.com.tr\/en\/\u0448nsurance\/","og_site_name":"TrendLog Lojistik &gt; Kazakistan Nakliye","article_publisher":"https:\/\/www.facebook.com\/trendlogcomtr","article_modified_time":"2022-09-29T11:53:23+00:00","twitter_card":"summary_large_image","twitter_misc":{"Tahmini okuma s\u00fcresi":"3 dakika"},"schema":{"@context":"https:\/\/schema.org","@graph":[{"@type":"Organization","@id":"https:\/\/trendlog.com.tr\/en\/#organization","name":"TrendLog Lojistik > Kazakistan Nakliye","url":"https:\/\/trendlog.com.tr\/en\/","sameAs":["https:\/\/www.instagram.com\/trendlog_logistics\/","https:\/\/www.facebook.com\/trendlogcomtr"],"logo":{"@type":"ImageObject","inLanguage":"tr","@id":"https:\/\/trendlog.com.tr\/en\/#\/schema\/logo\/image\/","url":"https:\/\/trendlog.com.tr\/en\/kk\/wp-content\/uploads\/2022\/06\/trendlog-fav.png","contentUrl":"https:\/\/trendlog.com.tr\/en\/kk\/wp-content\/uploads\/2022\/06\/trendlog-fav.png","width":100,"height":100,"caption":"TrendLog Lojistik > Kazakistan Nakliye"},"image":{"@id":"https:\/\/trendlog.com.tr\/en\/#\/schema\/logo\/image\/"}},{"@type":"WebSite","@id":"https:\/\/trendlog.com.tr\/en\/#website","url":"https:\/\/trendlog.com.tr\/en\/","name":"TrendLog Lojistik &gt; Kazakistan Nakliye","description":"Uluslararas\u0131 Ta\u015f\u0131mac\u0131l\u0131k","publisher":{"@id":"https:\/\/trendlog.com.tr\/en\/#organization"},"potentialAction":[{"@type":"SearchAction","target":{"@type":"EntryPoint","urlTemplate":"https:\/\/trendlog.com.tr\/en\/?s={search_term_string}"},"query-input":"required name=search_term_string"}],"inLanguage":"tr"},{"@type":"WebPage","@id":"https:\/\/trendlog.com.tr\/en\/%d1%88nsurance\/#webpage","url":"https:\/\/trendlog.com.tr\/en\/%d1%88nsurance\/","name":"Insurance - TrendLog Lojistik &gt; Kazakistan Nakliye","isPartOf":{"@id":"https:\/\/trendlog.com.tr\/en\/#website"},"datePublished":"2022-01-28T09:48:16+00:00","dateModified":"2022-09-29T11:53:23+00:00","breadcrumb":{"@id":"https:\/\/trendlog.com.tr\/en\/%d1%88nsurance\/#breadcrumb"},"inLanguage":"tr","potentialAction":[{"@type":"ReadAction","target":["https:\/\/trendlog.com.tr\/en\/%d1%88nsurance\/"]}]},{"@type":"BreadcrumbList","@id":"https:\/\/trendlog.com.tr\/en\/%d1%88nsurance\/#breadcrumb","itemListElement":[{"@type":"ListItem","position":1,"name":"Anasayfa","item":"https:\/\/trendlog.com.tr\/en\/"},{"@type":"ListItem","position":2,"name":"Insurance"}]}]}},"_links":{"self":[{"href":"https:\/\/trendlog.com.tr\/en\/wp-json\/wp\/v2\/pages\/7207"}],"collection":[{"href":"https:\/\/trendlog.com.tr\/en\/wp-json\/wp\/v2\/pages"}],"about":[{"href":"https:\/\/trendlog.com.tr\/en\/wp-json\/wp\/v2\/types\/page"}],"author":[{"embeddable":true,"href":"https:\/\/trendlog.com.tr\/en\/wp-json\/wp\/v2\/users\/1"}],"replies":[{"embeddable":true,"href":"https:\/\/trendlog.com.tr\/en\/wp-json\/wp\/v2\/comments?post=7207"}],"version-history":[{"count":10,"href":"https:\/\/trendlog.com.tr\/en\/wp-json\/wp\/v2\/pages\/7207\/revisions"}],"predecessor-version":[{"id":7606,"href":"https:\/\/trendlog.com.tr\/en\/wp-json\/wp\/v2\/pages\/7207\/revisions\/7606"}],"wp:attachment":[{"href":"https:\/\/trendlog.com.tr\/en\/wp-json\/wp\/v2\/media?parent=7207"}],"curies":[{"name":"wp","href":"https:\/\/api.w.org\/{rel}","templated":true}]}}